{"id":11,"date":"2025-10-06T08:38:30","date_gmt":"2025-10-06T08:38:30","guid":{"rendered":"http:\/\/dniqwnx.cluster100.hosting.ovh.net\/?page_id=11"},"modified":"2025-11-10T20:47:37","modified_gmt":"2025-11-10T20:47:37","slug":"a-propos","status":"publish","type":"page","link":"https:\/\/talencia-formation.fr\/index.php\/a-propos\/","title":{"rendered":"\u00c0 Propos"},"content":{"rendered":"\n<div class=\"wp-block-cover alignfull\" style=\"margin-top:0;margin-bottom:0;padding-top:0px;padding-bottom:80px;min-height:152px;aspect-ratio:unset;\"><img decoding=\"async\" class=\"wp-block-cover__image-background wp-image-4206\" alt=\"\" src=\"https:\/\/tyler.com\/wp-content\/uploads\/2023\/12\/surf-banner1.jpg\" data-object-fit=\"cover\"\/><span aria-hidden=\"true\" class=\"wp-block-cover__background has-background-dim-100 has-background-dim\" style=\"background-color:#292f45\"><\/span><div class=\"wp-block-cover__inner-container has-global-padding is-layout-constrained wp-container-core-cover-is-layout-d4c6b484 wp-block-cover-is-layout-constrained\">\n<div style=\"height:150px\" aria-hidden=\"true\" class=\"wp-block-spacer\"><\/div>\n\n\n\n<h1 class=\"wp-block-heading has-text-align-center has-text-color has-link-color has-suranna-font-family wp-elements-d59dc5ee8e0aec6e1aa480e3c3e139d1\" style=\"color:#ffffff;font-size:clamp(38.682px, 2.418rem + ((1vw - 3.2px) * 3.786), 72px);font-style:normal;font-weight:500\">Talencia Formation<\/h1>\n<\/div><\/div>\n\n\n\n<section class=\"wp-block-group alignfull has-global-padding is-layout-constrained wp-container-core-group-is-layout-608bbd49 wp-block-group-is-layout-constrained\" style=\"margin-top:0px;padding-top:6rem;padding-right:1rem;padding-bottom:5rem;padding-left:1rem;font-size:clamp(0.875rem, 0.875rem + ((1vw - 0.2rem) * 0.464), 1.13rem);font-style:normal;font-weight:400;line-height:1.4\">\n<div class=\"wp-block-columns is-layout-flex wp-container-core-columns-is-layout-03ad6a19 wp-block-columns-is-layout-flex\" style=\"margin-bottom:0px\">\n<div class=\"wp-block-column is-vertically-aligned-center is-layout-flow wp-block-column-is-layout-flow\" style=\"flex-basis:50%\">\n<figure class=\"wp-block-image size-large\"><img loading=\"lazy\" decoding=\"async\" width=\"683\" height=\"1024\" src=\"http:\/\/dniqwnx.cluster100.hosting.ovh.net\/wp-content\/uploads\/2025\/10\/1782-2-683x1024.jpg\" alt=\"\" class=\"wp-image-91\" srcset=\"https:\/\/talencia-formation.fr\/wp-content\/uploads\/2025\/10\/1782-2-683x1024.jpg 683w, https:\/\/talencia-formation.fr\/wp-content\/uploads\/2025\/10\/1782-2-200x300.jpg 200w, https:\/\/talencia-formation.fr\/wp-content\/uploads\/2025\/10\/1782-2-768x1152.jpg 768w, https:\/\/talencia-formation.fr\/wp-content\/uploads\/2025\/10\/1782-2.jpg 1000w\" sizes=\"auto, (max-width: 683px) 100vw, 683px\" \/><\/figure>\n<\/div>\n\n\n\n<div class=\"wp-block-column is-vertically-aligned-center has-global-padding is-layout-constrained wp-container-core-column-is-layout-c4a7d96a wp-block-column-is-layout-constrained\" style=\"flex-basis:50%\">\n<h3 class=\"wp-block-heading has-text-align-left has-text-color has-suranna-font-family\" style=\"color:#000000;margin-top:0.5rem;margin-bottom:0rem;font-size:clamp(24.034px, 1.502rem + ((1vw - 3.2px) * 1.814), 40px);font-style:normal;font-weight:500;letter-spacing:0px;line-height:1.3\">Stimuler la croissance gr\u00e2ce \u00e0 une formation de qualit\u00e9<\/h3>\n\n\n\n<p class=\"has-text-align-center has-text-color has-pontano-sans-font-family\" style=\"color:#000000;margin-top:20px;margin-bottom:20px;font-size:clamp(14px, 0.875rem + ((1vw - 3.2px) * 0.455), 18px);font-style:normal;font-weight:400;line-height:1.5\">Chez Talencia Formation, nous croyons en la lib\u00e9ration du potentiel. Nous proposons des formations sur mesure aux employ\u00e9s et aux entrepreneurs d\u00e9sireux de d\u00e9velopper leurs comp\u00e9tences et d&rsquo;accro\u00eetre leur r\u00e9ussite. Nos programmes attrayants sont con\u00e7us pour inspirer les participants et leur fournir des connaissances pratiques. Nous nous concentrons sur des applications concr\u00e8tes qui donnent des r\u00e9sultats. Que vous cherchiez \u00e0 am\u00e9liorer les performances de votre \u00e9quipe ou \u00e0 d\u00e9velopper votre entreprise, nous sommes l\u00e0 pour vous accompagner dans votre parcours. Travaillons ensemble pour cr\u00e9er un avenir meilleur pour vous et votre organisation !<\/p>\n\n\n\n<p class=\"has-text-align-left has-text-color has-pontano-sans-font-family\" style=\"color:#000000;margin-top:20px;margin-bottom:20px;font-size:clamp(14px, 0.875rem + ((1vw - 3.2px) * 0.455), 18px);font-style:normal;font-weight:400;line-height:1.5\"><\/p>\n\n\n\n<div class=\"wp-block-buttons is-horizontal is-content-justification-center is-layout-flex wp-container-core-buttons-is-layout-a300a970 wp-block-buttons-is-layout-flex\" style=\"margin-top:0.51rem\">\n<div class=\"wp-block-button has-custom-width wp-block-button__width-50 is-style-fill\"><a class=\"wp-block-button__link has-text-color has-background has-pontano-sans-font-family has-custom-font-size wp-element-button\" href=\"https:\/\/talencia-formation.fr\/index.php\/contact\/\" style=\"border-style:none;border-width:0px;border-radius:1.5rem;color:#fffffd;background-color:#292f45;padding-top:0.71rem;padding-right:0.31rem;padding-bottom:0.71rem;padding-left:0.31rem;font-size:clamp(0.875rem, 0.875rem + ((1vw - 0.2rem) * 0.245), 1.01rem);font-style:normal;font-weight:600;letter-spacing:1px;line-height:1.5;text-transform:uppercase\">Rejoignez-nous !<\/a><\/div>\n<\/div>\n<\/div>\n<\/div>\n<\/section>\n\n\n\n<div class=\"wp-block-cover alignfull\" style=\"padding-top:6rem;padding-bottom:6rem\"><img loading=\"lazy\" decoding=\"async\" width=\"1024\" height=\"575\" class=\"wp-block-cover__image-background wp-image-93 size-large\" alt=\"\" src=\"http:\/\/dniqwnx.cluster100.hosting.ovh.net\/wp-content\/uploads\/2025\/10\/Capture-decran-2025-10-06-a-14.41.10-1024x575.png\" style=\"object-position:100% 90%\" data-object-fit=\"cover\" data-object-position=\"100% 90%\" srcset=\"https:\/\/talencia-formation.fr\/wp-content\/uploads\/2025\/10\/Capture-decran-2025-10-06-a-14.41.10-1024x575.png 1024w, https:\/\/talencia-formation.fr\/wp-content\/uploads\/2025\/10\/Capture-decran-2025-10-06-a-14.41.10-300x168.png 300w, https:\/\/talencia-formation.fr\/wp-content\/uploads\/2025\/10\/Capture-decran-2025-10-06-a-14.41.10-768x431.png 768w, https:\/\/talencia-formation.fr\/wp-content\/uploads\/2025\/10\/Capture-decran-2025-10-06-a-14.41.10.png 1440w\" sizes=\"auto, (max-width: 1024px) 100vw, 1024px\" \/><span aria-hidden=\"true\" class=\"wp-block-cover__background has-black-background-color has-background-dim-40 has-background-dim\"><\/span><div class=\"wp-block-cover__inner-container has-global-padding is-layout-constrained wp-container-core-cover-is-layout-5cbdda46 wp-block-cover-is-layout-constrained\">\n<h2 class=\"wp-block-heading has-text-align-center has-text-color has-link-color has-suranna-font-family wp-elements-2b26e881ceb8f5e3a8a2ebbdbe4dd96b\" style=\"color:#ffffff;font-size:clamp(24.034px, 1.502rem + ((1vw - 3.2px) * 1.814), 40px);font-style:normal;font-weight:500;letter-spacing:1px\">Notre parcours vers l&rsquo;autonomisation<\/h2>\n\n\n\n<p class=\"has-text-align-center has-text-color has-link-color wp-elements-1241b47e5f1258718da550e468e6b5ac\" style=\"color:#ffffff;font-size:clamp(14px, 0.875rem + ((1vw - 3.2px) * 0.455), 18px);\">Notre aventure a commenc\u00e9 avec une conviction simple : tout le monde m\u00e9rite d&rsquo;avoir la chance d&rsquo;apprendre et de s&rsquo;\u00e9panouir. Talencia Formation a \u00e9t\u00e9 fond\u00e9e par des experts passionn\u00e9s qui souhaitaient faire bouger les choses dans le monde professionnel. Nous avons constat\u00e9 un manque en mati\u00e8re de formations accessibles et de haute qualit\u00e9 pour les employ\u00e9s et les entrepreneurs. Cela nous a incit\u00e9s \u00e0 cr\u00e9er des programmes attrayants qui r\u00e9pondent \u00e0 des besoins divers. Au fil des ans, nous avons aid\u00e9 d&rsquo;innombrables personnes et entreprises \u00e0 prosp\u00e9rer en leur fournissant des comp\u00e9tences et des connaissances pratiques. \u00c0 chaque session de formation, nous c\u00e9l\u00e9brons les progr\u00e8s accomplis et inspirons la confiance. D\u00e9couvrez-en davantage ! Nous continuons \u00e0 fa\u00e7onner l&rsquo;avenir de l&rsquo;apprentissage, un participant \u00e0 la fois !<\/p>\n\n\n\n<div class=\"wp-block-buttons is-horizontal is-content-justification-center is-layout-flex wp-container-core-buttons-is-layout-bb07f847 wp-block-buttons-is-layout-flex\" style=\"margin-top:30px\">\n<div class=\"wp-block-button has-custom-width wp-block-button__width-50 is-style-fill\"><a class=\"wp-block-button__link has-text-color has-background has-pontano-sans-font-family has-custom-font-size wp-element-button\" href=\"https:\/\/talencia-formation.fr\/index.php\/contact\/\" style=\"border-style:none;border-width:0px;border-radius:1.5rem;color:#fffffd;background-color:#292f45;padding-top:0.71rem;padding-right:0.31rem;padding-bottom:0.71rem;padding-left:0.31rem;font-size:clamp(0.875rem, 0.875rem + ((1vw - 0.2rem) * 0.245), 1.01rem);font-style:normal;font-weight:600;letter-spacing:1px;line-height:1.5;text-transform:uppercase\">REJOIGNEZ-NOUS !<\/a><\/div>\n<\/div>\n<\/div><\/div>\n\n\n\n<section class=\"wp-block-group alignfull has-global-padding is-layout-constrained wp-container-core-group-is-layout-8202059b wp-block-group-is-layout-constrained\" style=\"margin-top:0px;padding-top:6rem;padding-right:1rem;padding-bottom:6rem;padding-left:1rem;font-size:clamp(0.875rem, 0.875rem + ((1vw - 0.2rem) * 0.464), 1.13rem);font-style:normal;font-weight:400;line-height:1.4\">\n<div class=\"wp-block-columns is-layout-flex wp-container-core-columns-is-layout-03ad6a19 wp-block-columns-is-layout-flex\" style=\"margin-bottom:0px\">\n<div class=\"wp-block-column is-vertically-aligned-center has-global-padding is-layout-constrained wp-container-core-column-is-layout-c4a7d96a wp-block-column-is-layout-constrained\" style=\"flex-basis:50%\">\n<h3 class=\"wp-block-heading has-text-align-left has-text-color has-suranna-font-family\" style=\"color:#010101;margin-top:0.5rem;margin-bottom:0rem;font-size:clamp(24.034px, 1.502rem + ((1vw - 3.2px) * 1.814), 40px);font-style:normal;font-weight:500;letter-spacing:0px;line-height:1.3\">Nos convictions fondamentales<\/h3>\n\n\n\n<p class=\"has-text-align-center has-text-color has-pontano-sans-font-family\" style=\"color:#010101;margin-top:20px;margin-bottom:20px;font-size:clamp(14px, 0.875rem + ((1vw - 3.2px) * 0.455), 18px);font-style:normal;font-weight:400;line-height:1.5\">Chez Talencia Formation, nous adh\u00e9rons \u00e0 des principes qui guident notre travail. Nous croyons en la collaboration et favorisons un environnement propice o\u00f9 chacun peut apprendre ensemble. La qualit\u00e9 est notre priorit\u00e9 absolue ; nous concevons chaque formation afin de r\u00e9pondre \u00e0 des normes \u00e9lev\u00e9es et d&rsquo;assurer un impact durable. Nous encourageons l&rsquo;innovation et adaptons nos m\u00e9thodes afin de rester pertinents et efficaces. Enfin, nous d\u00e9fendons l&rsquo;autonomisation, convaincus que la connaissance transforme les vies et les carri\u00e8res. Ensemble, nous cr\u00e9ons un espace inspirant propice \u00e0 la croissance, vous aidant \u00e0 atteindre vos objectifs avec confiance et enthousiasme !<\/p>\n\n\n\n<div class=\"wp-block-buttons is-horizontal is-content-justification-center is-layout-flex wp-container-core-buttons-is-layout-a300a970 wp-block-buttons-is-layout-flex\" style=\"margin-top:0.51rem\">\n<div class=\"wp-block-button has-custom-width wp-block-button__width-50 is-style-fill\"><a class=\"wp-block-button__link has-text-color has-background has-pontano-sans-font-family has-custom-font-size wp-element-button\" href=\"https:\/\/talencia-formation.fr\/index.php\/contact\/\" style=\"border-style:none;border-width:0px;border-radius:1.5rem;color:#fffffd;background-color:#292f45;padding-top:0.71rem;padding-right:0.31rem;padding-bottom:0.71rem;padding-left:0.31rem;font-size:clamp(0.875rem, 0.875rem + ((1vw - 0.2rem) * 0.245), 1.01rem);font-style:normal;font-weight:600;letter-spacing:1px;line-height:1.5;text-transform:uppercase\">UN PROJET ?<\/a><\/div>\n<\/div>\n<\/div>\n\n\n\n<div class=\"wp-block-column is-vertically-aligned-center is-layout-flow wp-block-column-is-layout-flow\" style=\"flex-basis:50%\">\n<figure class=\"wp-block-image size-large\"><img loading=\"lazy\" decoding=\"async\" width=\"1024\" height=\"683\" src=\"http:\/\/dniqwnx.cluster100.hosting.ovh.net\/wp-content\/uploads\/2025\/10\/16288-1-1024x683.jpg\" alt=\"\" class=\"wp-image-92\" srcset=\"https:\/\/talencia-formation.fr\/wp-content\/uploads\/2025\/10\/16288-1-1024x683.jpg 1024w, https:\/\/talencia-formation.fr\/wp-content\/uploads\/2025\/10\/16288-1-300x200.jpg 300w, https:\/\/talencia-formation.fr\/wp-content\/uploads\/2025\/10\/16288-1-768x512.jpg 768w, https:\/\/talencia-formation.fr\/wp-content\/uploads\/2025\/10\/16288-1.jpg 1500w\" sizes=\"auto, (max-width: 1024px) 100vw, 1024px\" \/><\/figure>\n<\/div>\n<\/div>\n<\/section>\n\n\n\n<section class=\"wp-block-cover alignfull\" style=\"margin-top:0px;padding-top:1.01rem;padding-bottom:1.01rem;min-height:430px;aspect-ratio:unset;\"><img loading=\"lazy\" decoding=\"async\" width=\"1024\" height=\"683\" class=\"wp-block-cover__image-background wp-image-29 size-large\" alt=\"\" src=\"https:\/\/talencia-formation.fr\/wp-content\/uploads\/2025\/10\/2149085935-1024x683.jpg\" style=\"object-position:56% 7%\" data-object-fit=\"cover\" data-object-position=\"56% 7%\" srcset=\"https:\/\/talencia-formation.fr\/wp-content\/uploads\/2025\/10\/2149085935-1024x683.jpg 1024w, https:\/\/talencia-formation.fr\/wp-content\/uploads\/2025\/10\/2149085935-300x200.jpg 300w, https:\/\/talencia-formation.fr\/wp-content\/uploads\/2025\/10\/2149085935-768x512.jpg 768w, https:\/\/talencia-formation.fr\/wp-content\/uploads\/2025\/10\/2149085935.jpg 1500w\" sizes=\"auto, (max-width: 1024px) 100vw, 1024px\" \/><span aria-hidden=\"true\" class=\"wp-block-cover__background has-background-dim-40 has-background-dim\" style=\"background-color:#292f45\"><\/span><div class=\"wp-block-cover__inner-container has-global-padding is-layout-constrained wp-container-core-cover-is-layout-b1bebcb3 wp-block-cover-is-layout-constrained\">\n<div class=\"wp-block-group has-text-color is-layout-flow wp-block-group-is-layout-flow\" style=\"color:#fffffd;margin-top:0px;padding-top:0rem;padding-right:1rem;padding-bottom:0rem;padding-left:1rem;font-size:clamp(0.875rem, 0.875rem + ((1vw - 0.2rem) * 0.464), 1.13rem);font-style:normal;font-weight:400;line-height:1.4\">\n<div class=\"wp-block-group has-global-padding is-layout-constrained wp-container-core-group-is-layout-bdbfdc43 wp-block-group-is-layout-constrained\">\n<p class=\"has-text-align-center has-text-color\" style=\"color:#fffffd;margin-bottom:0rem;font-size:clamp(1.507rem, 1.507rem + ((1vw - 0.2rem) * 1.824), 2.51rem);font-style:normal;font-weight:400;line-height:1.2\">Talencia Formation : d\u00e9veloppez vos comp\u00e9tences, construisez votre avenir.<\/p>\n<\/div>\n\n\n\n<div class=\"wp-block-group is-vertical is-content-justification-stretch is-layout-flex wp-container-core-group-is-layout-bfdebe91 wp-block-group-is-layout-flex\" style=\"margin-top:1.81rem;padding-right:0px;padding-left:0px\">\n<div class=\"wp-block-group has-global-padding is-content-justification-center is-layout-constrained wp-container-core-group-is-layout-2f0bcb29 wp-block-group-is-layout-constrained\" style=\"margin-top:0px\">\n<div class=\"wp-block-buttons is-horizontal is-content-justification-right is-layout-flex wp-container-core-buttons-is-layout-099266fd wp-block-buttons-is-layout-flex\" style=\"margin-top:0.51rem\">\n<div class=\"wp-block-button has-custom-width wp-block-button__width-100 is-style-fill\"><a class=\"wp-block-button__link has-text-color has-background has-custom-font-size wp-element-button\" href=\"https:\/\/talencia-formation.fr\/index.php\/contact\/\" style=\"border-style:none;border-width:0px;border-radius:1.5rem;color:#fffffd;background-color:#292f45;padding-top:0.71rem;padding-right:0.31rem;padding-bottom:0.71rem;padding-left:0.31rem;font-size:clamp(0.875rem, 0.875rem + ((1vw - 0.2rem) * 0.245), 1.01rem);font-style:normal;font-weight:600;line-height:1.5;text-transform:uppercase\">Contact<\/a><\/div>\n<\/div>\n<\/div>\n<\/div>\n<\/div>\n<\/div><\/section>\n\n\n\n<p><\/p>\n","protected":false},"excerpt":{"rendered":"<p>Stimuler la croissance gr\u00e2ce \u00e0 une formation de qualit\u00e9 Chez Talencia Formation, nous croyons en la lib\u00e9ration du potentiel. Nous proposons des formations sur mesure aux employ\u00e9s et aux entrepreneurs d\u00e9sireux de d\u00e9velopper leurs comp\u00e9tences et d&rsquo;accro\u00eetre leur r\u00e9ussite. Nos programmes attrayants sont con\u00e7us pour inspirer les participants et leur fournir des connaissances pratiques. Nous [&hellip;]<\/p>\n","protected":false},"author":1,"featured_media":0,"parent":0,"menu_order":0,"comment_status":"closed","ping_status":"closed","template":"","meta":{"footnotes":""},"class_list":["post-11","page","type-page","status-publish","hentry"],"_links":{"self":[{"href":"https:\/\/talencia-formation.fr\/index.php\/wp-json\/wp\/v2\/pages\/11","targetHints":{"allow":["GET"]}}],"collection":[{"href":"https:\/\/talencia-formation.fr\/index.php\/wp-json\/wp\/v2\/pages"}],"about":[{"href":"https:\/\/talencia-formation.fr\/index.php\/wp-json\/wp\/v2\/types\/page"}],"author":[{"embeddable":true,"href":"https:\/\/talencia-formation.fr\/index.php\/wp-json\/wp\/v2\/users\/1"}],"replies":[{"embeddable":true,"href":"https:\/\/talencia-formation.fr\/index.php\/wp-json\/wp\/v2\/comments?post=11"}],"version-history":[{"count":12,"href":"https:\/\/talencia-formation.fr\/index.php\/wp-json\/wp\/v2\/pages\/11\/revisions"}],"predecessor-version":[{"id":182,"href":"https:\/\/talencia-formation.fr\/index.php\/wp-json\/wp\/v2\/pages\/11\/revisions\/182"}],"wp:attachment":[{"href":"https:\/\/talencia-formation.fr\/index.php\/wp-json\/wp\/v2\/media?parent=11"}],"curies":[{"name":"wp","href":"https:\/\/api.w.org\/{rel}","templated":true}]}}