{"id":13,"date":"2025-10-06T08:38:42","date_gmt":"2025-10-06T08:38:42","guid":{"rendered":"http:\/\/dniqwnx.cluster100.hosting.ovh.net\/?page_id=13"},"modified":"2026-01-27T13:35:01","modified_gmt":"2026-01-27T13:35:01","slug":"services","status":"publish","type":"page","link":"https:\/\/talencia-formation.fr\/index.php\/services\/","title":{"rendered":"Nos Formations"},"content":{"rendered":"\n<div class=\"wp-block-cover alignfull\" style=\"margin-top:0;margin-bottom:0;padding-top:0px;padding-bottom:80px;min-height:300px;aspect-ratio:unset;\"><img loading=\"lazy\" decoding=\"async\" width=\"1024\" height=\"573\" class=\"wp-block-cover__image-background wp-image-76 size-large\" alt=\"\" src=\"https:\/\/talencia-formation.fr\/wp-content\/uploads\/2025\/10\/Capture-decran-2025-10-06-a-12.59.19-1-1024x573.png\" data-object-fit=\"cover\" srcset=\"https:\/\/talencia-formation.fr\/wp-content\/uploads\/2025\/10\/Capture-decran-2025-10-06-a-12.59.19-1-1024x573.png 1024w, https:\/\/talencia-formation.fr\/wp-content\/uploads\/2025\/10\/Capture-decran-2025-10-06-a-12.59.19-1-300x168.png 300w, https:\/\/talencia-formation.fr\/wp-content\/uploads\/2025\/10\/Capture-decran-2025-10-06-a-12.59.19-1-768x430.png 768w, https:\/\/talencia-formation.fr\/wp-content\/uploads\/2025\/10\/Capture-decran-2025-10-06-a-12.59.19-1.png 1432w\" sizes=\"auto, (max-width: 1024px) 100vw, 1024px\" \/><span aria-hidden=\"true\" class=\"wp-block-cover__background has-background-dim-0 has-background-dim\" style=\"background-color:#e9ceb0\"><\/span><div class=\"wp-block-cover__inner-container has-global-padding is-layout-constrained wp-container-core-cover-is-layout-d4c6b484 wp-block-cover-is-layout-constrained\">\n<div style=\"height:150px\" aria-hidden=\"true\" class=\"wp-block-spacer\"><\/div>\n\n\n\n<h1 class=\"wp-block-heading has-text-align-center has-text-color has-link-color has-suranna-font-family wp-elements-ddbe08f6406a9ed7e42e7209995c7fce\" style=\"color:#ffffff;font-size:clamp(38.682px, 2.418rem + ((1vw - 3.2px) * 3.786), 72px);font-style:normal;font-weight:500\">Nos Formations<\/h1>\n<\/div><\/div>\n\n\n\n<div class=\"wp-block-group alignfull has-global-padding is-layout-constrained wp-container-core-group-is-layout-4383d167 wp-block-group-is-layout-constrained\">\n<div class=\"wp-block-group alignwide has-global-padding is-layout-constrained wp-container-core-group-is-layout-5ff8a92b wp-block-group-is-layout-constrained\" style=\"margin-top:0;margin-bottom:0;padding-top:100px;padding-bottom:100px\">\n<div class=\"wp-block-columns is-layout-flex wp-container-core-columns-is-layout-92515837 wp-block-columns-is-layout-flex\">\n<div class=\"wp-block-column is-vertically-aligned-center is-layout-flow wp-block-column-is-layout-flow\">\n<figure class=\"wp-block-image size-large\"><img loading=\"lazy\" decoding=\"async\" width=\"1024\" height=\"683\" src=\"https:\/\/talencia-formation.fr\/wp-content\/uploads\/2025\/10\/2149160160-1024x683.jpg\" alt=\"\" class=\"wp-image-80\" srcset=\"https:\/\/talencia-formation.fr\/wp-content\/uploads\/2025\/10\/2149160160-1024x683.jpg 1024w, https:\/\/talencia-formation.fr\/wp-content\/uploads\/2025\/10\/2149160160-300x200.jpg 300w, https:\/\/talencia-formation.fr\/wp-content\/uploads\/2025\/10\/2149160160-768x512.jpg 768w, https:\/\/talencia-formation.fr\/wp-content\/uploads\/2025\/10\/2149160160.jpg 1500w\" sizes=\"auto, (max-width: 1024px) 100vw, 1024px\" \/><\/figure>\n<\/div>\n\n\n\n<div class=\"wp-block-column is-vertically-aligned-center has-global-padding is-content-justification-left is-layout-constrained wp-container-core-column-is-layout-12dd3699 wp-block-column-is-layout-constrained\">\n<h3 class=\"wp-block-heading has-text-align-left has-text-color has-suranna-font-family\" style=\"color:#000000;margin-top:0.5rem;margin-bottom:0rem;font-size:clamp(24.034px, 1.502rem + ((1vw - 3.2px) * 1.814), 40px);font-style:normal;font-weight:500;letter-spacing:0px;line-height:1.3\">Concevoir sa Strat\u00e9gie digitale<\/h3>\n\n\n\n<hr class=\"wp-block-separator has-alpha-channel-opacity\"\/>\n\n\n\n<p class=\"has-text-color has-link-color has-pontano-sans-font-family wp-elements-f80a140c30e5d89d05a6ac87c67bc276\" style=\"color:#000000;font-size:clamp(14px, 0.875rem + ((1vw - 3.2px) * 0.455), 18px);\">D\u00e9veloppez une strat\u00e9gie digitale claire, coh\u00e9rente et performante pour booster votre visibilit\u00e9 et atteindre vos objectifs. Cette formation vous accompagne dans la d\u00e9finition de vos cibles, le choix des canaux adapt\u00e9s (r\u00e9seaux sociaux, r\u00e9f\u00e9rencement, e-mailing, site web) et la mise en place d\u2019un plan d\u2019action concret et mesurable.<\/p>\n\n\n\n<p class=\"has-text-color has-link-color has-pontano-sans-font-family wp-elements-a1069964c1ed139bee4fe71afb249f92\" style=\"color:#000000;font-size:clamp(14px, 0.875rem + ((1vw - 3.2px) * 0.455), 18px);\">Vous apprendrez \u00e0 analyser votre positionnement, s\u00e9lectionner les bons outils et piloter efficacement vos actions digitales pour maximiser votre impact en ligne.<\/p>\n\n\n\n<p class=\"has-text-color has-link-color has-pontano-sans-font-family wp-elements-e126ca4cf5b53f5af55d546c6c55361a\" style=\"color:#000000;font-size:clamp(14px, 0.875rem + ((1vw - 3.2px) * 0.455), 18px);\">Nos formateurs sont des experts passionn\u00e9s, pr\u00eats \u00e0 partager leurs connaissances. Ils utilisent des outils modernes pour rendre l\u02bcapprentissage dynamique et attractif. Avec eux, chaque s\u00e9ance devient une exp\u00e9rience m\u00e9morable.<\/p>\n\n\n\n<p class=\"has-text-color has-link-color has-pontano-sans-font-family wp-elements-0fe0731a00384a8fb61878bce362854c\" style=\"color:#000000;font-size:clamp(14px, 0.875rem + ((1vw - 3.2px) * 0.455), 18px);\">\u00c0 la fin de la formation, vos \u00e9quipes auront acquis des comp\u00e9tences pratiques. Elles seront pr\u00eates \u00e0 relever de nouveaux d\u00e9fis et \u00e0 contribuer activement au succ\u00e8s de votre entreprise. Investissez dans leur avenir d\u00e8s aujourd\u2019hui !<\/p>\n\n\n\n<div class=\"wp-block-buttons is-horizontal is-content-justification-left is-layout-flex wp-container-core-buttons-is-layout-324fa30b wp-block-buttons-is-layout-flex\" style=\"margin-top:20px\">\n<div class=\"wp-block-button has-custom-width wp-block-button__width-75 is-style-fill\"><a class=\"wp-block-button__link has-text-color has-background has-pontano-sans-font-family has-custom-font-size wp-element-button\" href=\"https:\/\/talencia-formation.fr\/wp-content\/uploads\/2025\/10\/RESEAUX-SOCIAUX-7H-1-2.pdf\" style=\"border-style:none;border-width:0px;border-radius:1.5rem;color:#fffffd;background-color:#292f45;padding-top:0.71rem;padding-right:0.31rem;padding-bottom:0.71rem;padding-left:0.31rem;font-size:clamp(0.875rem, 0.875rem + ((1vw - 0.2rem) * 0.245), 1.01rem);font-style:normal;font-weight:600;letter-spacing:1px;line-height:1.5;text-transform:uppercase\">D\u00e9couvrir le programme complet<\/a><\/div>\n<\/div>\n<\/div>\n<\/div>\n<\/div>\n<\/div>\n\n\n\n<div class=\"wp-block-group alignfull has-global-padding is-layout-constrained wp-container-core-group-is-layout-4383d167 wp-block-group-is-layout-constrained\">\n<div class=\"wp-block-group alignwide has-global-padding is-layout-constrained wp-container-core-group-is-layout-5ff8a92b wp-block-group-is-layout-constrained\" style=\"margin-top:0;margin-bottom:0;padding-top:100px;padding-bottom:100px\">\n<div class=\"wp-block-columns is-layout-flex wp-container-core-columns-is-layout-92515837 wp-block-columns-is-layout-flex\">\n<div class=\"wp-block-column is-vertically-aligned-center is-layout-flow wp-block-column-is-layout-flow\">\n<figure class=\"wp-block-image size-large\"><img loading=\"lazy\" decoding=\"async\" width=\"1024\" height=\"683\" src=\"https:\/\/talencia-formation.fr\/wp-content\/uploads\/2026\/01\/IMG_9477-1024x683.jpg\" alt=\"\" class=\"wp-image-202\" srcset=\"https:\/\/talencia-formation.fr\/wp-content\/uploads\/2026\/01\/IMG_9477-1024x683.jpg 1024w, https:\/\/talencia-formation.fr\/wp-content\/uploads\/2026\/01\/IMG_9477-300x200.jpg 300w, https:\/\/talencia-formation.fr\/wp-content\/uploads\/2026\/01\/IMG_9477-768x512.jpg 768w, https:\/\/talencia-formation.fr\/wp-content\/uploads\/2026\/01\/IMG_9477-1536x1024.jpg 1536w, https:\/\/talencia-formation.fr\/wp-content\/uploads\/2026\/01\/IMG_9477.jpg 2048w\" sizes=\"auto, (max-width: 1024px) 100vw, 1024px\" \/><\/figure>\n<\/div>\n\n\n\n<div class=\"wp-block-column is-vertically-aligned-center has-global-padding is-content-justification-left is-layout-constrained wp-container-core-column-is-layout-12dd3699 wp-block-column-is-layout-constrained\">\n<h3 class=\"wp-block-heading has-text-align-center has-text-color has-suranna-font-family\" style=\"color:#000000;margin-top:0.5rem;margin-bottom:0rem;font-size:clamp(24.034px, 1.502rem + ((1vw - 3.2px) * 1.814), 40px);font-style:normal;font-weight:500;letter-spacing:0px;line-height:1.3\">Sauveteur Secouriste du Travail<\/h3>\n\n\n\n<hr class=\"wp-block-separator has-alpha-channel-opacity\"\/>\n\n\n\n<p class=\"has-text-color has-link-color has-pontano-sans-font-family wp-elements-ecdb44d2bfe510195272690ac68e0fc3\" style=\"color:#000000;font-size:clamp(14px, 0.875rem + ((1vw - 3.2px) * 0.455), 18px);\">D\u00e9veloppez les comp\u00e9tences essentielles pour&nbsp;agir efficacement face \u00e0 une situation d\u2019urgence en milieu professionnel&nbsp;et renforcer la culture de pr\u00e9vention au sein de votre entreprise. Cette formation Sauveteur Secouriste du Travail vous accompagne dans l\u2019acquisition des bons r\u00e9flexes pour porter secours \u00e0 une victime, alerter les secours et s\u00e9curiser une situation \u00e0 risque.<\/p>\n\n\n\n<p>Vous apprendrez \u00e0&nbsp;identifier les dangers, analyser une situation d\u2019accident, r\u00e9aliser les&nbsp;gestes de premiers secours adapt\u00e9s (h\u00e9morragie, \u00e9touffement, malaise, arr\u00eat cardiaque\u2026) et intervenir avec sang-froid jusqu\u2019\u00e0 l\u2019arriv\u00e9e des secours. La formation met \u00e9galement l\u2019accent sur la&nbsp;pr\u00e9vention des risques professionnels&nbsp;et le r\u00f4le actif du SST au quotidien.<\/p>\n\n\n\n<p>Nos formateurs,&nbsp;experts et certifi\u00e9s, partagent leur savoir-faire \u00e0 travers des m\u00e9thodes p\u00e9dagogiques dynamiques, m\u00ealant d\u00e9monstrations, cas concrets et mises en situation r\u00e9alistes. Chaque session favorise l\u2019engagement et la mont\u00e9e en comp\u00e9tences durable.<\/p>\n\n\n\n<p class=\"has-text-color has-link-color has-pontano-sans-font-family wp-elements-bee1c422d408781ee5ee81b05b6aa542\" style=\"color:#000000;font-size:clamp(14px, 0.875rem + ((1vw - 3.2px) * 0.455), 18px);\">\u00c0 l\u2019issue de la formation, vos \u00e9quipes disposeront de&nbsp;comp\u00e9tences pratiques et imm\u00e9diatement op\u00e9rationnelles. Elles seront pr\u00eates \u00e0 intervenir en toute confiance, \u00e0 contribuer \u00e0 la s\u00e9curit\u00e9 collective et \u00e0 devenir de v\u00e9ritables acteurs de la pr\u00e9vention dans votre entreprise.<\/p>\n\n\n\n<p class=\"has-text-color has-link-color has-pontano-sans-font-family wp-elements-744897a1b976e62f251e91044c965779\" style=\"color:#000000;font-size:clamp(14px, 0.875rem + ((1vw - 3.2px) * 0.455), 18px);\">&nbsp;<strong>Investissez dans la s\u00e9curit\u00e9 et la performance de vos \u00e9quipes d\u00e8s aujourd\u2019hui.<\/strong><\/p>\n\n\n\n<div class=\"wp-block-buttons is-horizontal is-content-justification-left is-layout-flex wp-container-core-buttons-is-layout-324fa30b wp-block-buttons-is-layout-flex\" style=\"margin-top:20px\">\n<div class=\"wp-block-button has-custom-width wp-block-button__width-75 is-style-fill\"><a class=\"wp-block-button__link has-text-color has-background has-pontano-sans-font-family has-custom-font-size wp-element-button\" style=\"border-style:none;border-width:0px;border-radius:1.5rem;color:#fffffd;background-color:#292f45;padding-top:0.71rem;padding-right:0.31rem;padding-bottom:0.71rem;padding-left:0.31rem;font-size:clamp(0.875rem, 0.875rem + ((1vw - 0.2rem) * 0.245), 1.01rem);font-style:normal;font-weight:600;letter-spacing:1px;line-height:1.5;text-transform:uppercase\">D\u00e9couvrir le programme complet<\/a><\/div>\n<\/div>\n<\/div>\n<\/div>\n<\/div>\n<\/div>\n\n\n\n<section class=\"wp-block-cover alignfull\" style=\"margin-top:0px;padding-top:1.01rem;padding-bottom:1.01rem;min-height:431px;aspect-ratio:unset;\"><img decoding=\"async\" class=\"wp-block-cover__image-background wp-image-155 size-full\" alt=\"\" src=\"https:\/\/talencia-formation.fr\/wp-content\/uploads\/2025\/10\/haut-parleur-gai-parler-et-regarder-a-distance-2.jpg\" data-object-fit=\"cover\"\/><span aria-hidden=\"true\" class=\"wp-block-cover__background has-background-dim\" style=\"background-color:#0e0e0e\"><\/span><div class=\"wp-block-cover__inner-container has-global-padding is-layout-constrained wp-container-core-cover-is-layout-b1bebcb3 wp-block-cover-is-layout-constrained\">\n<div class=\"wp-block-group has-text-color is-layout-flow wp-block-group-is-layout-flow\" style=\"color:#fffffd;margin-top:0px;padding-top:0rem;padding-right:1rem;padding-bottom:0rem;padding-left:1rem;font-size:clamp(0.875rem, 0.875rem + ((1vw - 0.2rem) * 0.464), 1.13rem);font-style:normal;font-weight:400;line-height:1.4\">\n<div class=\"wp-block-group has-global-padding is-layout-constrained wp-container-core-group-is-layout-bdbfdc43 wp-block-group-is-layout-constrained\">\n<p class=\"has-text-align-center has-text-color\" style=\"color:#fffffd;margin-bottom:0rem;font-size:clamp(1.507rem, 1.507rem + ((1vw - 0.2rem) * 1.824), 2.51rem);font-style:normal;font-weight:400;line-height:1.2\">\u00ab\u00a0Talencia Formation a transform\u00e9 notre \u00e9quipe, boostant notre productivit\u00e9 et notre coh\u00e9sion !\u00a0\u00bb<\/p>\n<\/div>\n\n\n\n<div class=\"wp-block-group is-vertical is-content-justification-stretch is-layout-flex wp-container-core-group-is-layout-bfdebe91 wp-block-group-is-layout-flex\" style=\"margin-top:1.81rem;padding-right:0px;padding-left:0px\">\n<div class=\"wp-block-group has-global-padding is-content-justification-center is-layout-constrained wp-container-core-group-is-layout-2f0bcb29 wp-block-group-is-layout-constrained\" style=\"margin-top:0px\">\n<div class=\"wp-block-buttons is-horizontal is-content-justification-right is-layout-flex wp-container-core-buttons-is-layout-099266fd wp-block-buttons-is-layout-flex\" style=\"margin-top:0.51rem\">\n<div class=\"wp-block-button has-custom-width wp-block-button__width-100 is-style-fill\"><a class=\"wp-block-button__link has-text-color has-background has-custom-font-size wp-element-button\" href=\"https:\/\/talencia-formation.fr\/index.php\/contact\/\" style=\"border-style:none;border-width:0px;border-radius:1.5rem;color:#fffffd;background-color:#292f45;padding-top:0.71rem;padding-right:0.31rem;padding-bottom:0.71rem;padding-left:0.31rem;font-size:clamp(0.875rem, 0.875rem + ((1vw - 0.2rem) * 0.245), 1.01rem);font-style:normal;font-weight:600;line-height:1.5;text-transform:uppercase\">D\u00e9couvrez-nous!<\/a><\/div>\n<\/div>\n<\/div>\n<\/div>\n<\/div>\n<\/div><\/section>\n\n\n\n<p><\/p>\n","protected":false},"excerpt":{"rendered":"<p>Concevoir sa Strat\u00e9gie digitale D\u00e9veloppez une strat\u00e9gie digitale claire, coh\u00e9rente et performante pour booster votre visibilit\u00e9 et atteindre vos objectifs. Cette formation vous accompagne dans la d\u00e9finition de vos cibles, le choix des canaux adapt\u00e9s (r\u00e9seaux sociaux, r\u00e9f\u00e9rencement, e-mailing, site web) et la mise en place d\u2019un plan d\u2019action concret et mesurable. Vous apprendrez \u00e0 [&hellip;]<\/p>\n","protected":false},"author":1,"featured_media":0,"parent":0,"menu_order":0,"comment_status":"closed","ping_status":"closed","template":"","meta":{"footnotes":""},"class_list":["post-13","page","type-page","status-publish","hentry"],"_links":{"self":[{"href":"https:\/\/talencia-formation.fr\/index.php\/wp-json\/wp\/v2\/pages\/13","targetHints":{"allow":["GET"]}}],"collection":[{"href":"https:\/\/talencia-formation.fr\/index.php\/wp-json\/wp\/v2\/pages"}],"about":[{"href":"https:\/\/talencia-formation.fr\/index.php\/wp-json\/wp\/v2\/types\/page"}],"author":[{"embeddable":true,"href":"https:\/\/talencia-formation.fr\/index.php\/wp-json\/wp\/v2\/users\/1"}],"replies":[{"embeddable":true,"href":"https:\/\/talencia-formation.fr\/index.php\/wp-json\/wp\/v2\/comments?post=13"}],"version-history":[{"count":15,"href":"https:\/\/talencia-formation.fr\/index.php\/wp-json\/wp\/v2\/pages\/13\/revisions"}],"predecessor-version":[{"id":210,"href":"https:\/\/talencia-formation.fr\/index.php\/wp-json\/wp\/v2\/pages\/13\/revisions\/210"}],"wp:attachment":[{"href":"https:\/\/talencia-formation.fr\/index.php\/wp-json\/wp\/v2\/media?parent=13"}],"curies":[{"name":"wp","href":"https:\/\/api.w.org\/{rel}","templated":true}]}}