{"id":130,"date":"2025-10-07T09:51:22","date_gmt":"2025-10-07T09:51:22","guid":{"rendered":"https:\/\/talencia-formation.fr\/?page_id=130"},"modified":"2025-10-07T09:51:22","modified_gmt":"2025-10-07T09:51:22","slug":"conditions-generales-de-vente","status":"publish","type":"page","link":"https:\/\/talencia-formation.fr\/index.php\/conditions-generales-de-vente\/","title":{"rendered":"CONDITIONS G\u00c9N\u00c9RALES DE VENTE"},"content":{"rendered":"\n<p><strong>CONDITIONS G\u00c9N\u00c9RALES DE VENTE<\/strong><\/p>\n\n\n\n<p><strong>TALENCIA FORMATION<\/strong>, propose et organise des actions de formation professionnelle qui sont r\u00e9gies par les pr\u00e9sentes conditions g\u00e9n\u00e9rales.<\/p>\n\n\n\n<p><strong>1- \u00adINSCRIPTION ET FORMATION&nbsp;<\/strong><\/p>\n\n\n\n<p>L\u2019inscription \u00e0 un stage de formation se fait directement aupr\u00e8s TALENCIA FORMATION au moyen du bulletin d\u2019inscription ou de la proposition commerciale compl\u00e9t\u00e9s et sign\u00e9s, au plus tard, 20 jours avant le d\u00e9marrage du stage.<br>L\u2019inscription sera confirm\u00e9e avant le d\u00e9but du stage par le biais de la convention professionnelle de formation dont un exemplaire sera \u00e0 retourner, sign\u00e9, \u00e0 TALENCIA FORMATION, au plus tard 15 jours ouvr\u00e9s avant le d\u00e9but de l\u2019action.<\/p>\n\n\n\n<p>TALENCIA FORMATION se r\u00e9serve la possibilit\u00e9 de ne pas donner suite \u00e0 la demande.<\/p>\n\n\n\n<p>Avant le d\u00e9marrage du stage, une convocation r\u00e9capitulant les d\u00e9tails pratiques d\u2019organisation du stage (date, lieu, horaires, acc\u00e8s\u2026) sera adress\u00e9e directement \u00e0 chaque stagiaire et\/ou au responsable formation mentionn\u00e9e \u00e0 l\u2019inscription.<\/p>\n\n\n\n<p><strong>2- \u00adENGAGEMENTS DE TALENCIA FORMATION<\/strong><\/p>\n\n\n\n<p>Dans le cadre des actions de formation, TALENCIA FORMATION s\u2019engage \u00e0&nbsp;: \u00ad<\/p>\n\n\n\n<p>\u2013 mettre \u00e0 disposition des clients ou stagiaires les ressources appropri\u00e9es \u00e0 l\u2019action de formation ainsi que toute documentation utile<\/p>\n\n\n\n<p>\u2013 \u00adproposer, si besoin, son aide aux stagiaires en mati\u00e8re d\u2019h\u00e9bergement et de restauration,<\/p>\n\n\n\n<p>\u00ad- fournir une attestation de stage individuelle mentionnant l\u2019intitul\u00e9 du stage de formation, les dates et la dur\u00e9e effective de pr\u00e9sence du participant \u00e0 l\u2019issue de la formation.<\/p>\n\n\n\n<p><strong>3- \u00adTARIFS \u2013 \u00adFACTURATION \u00ad- R\u00c9GLEMENT<\/strong><\/p>\n\n\n\n<p>3.1. Les tarifs des actions de formation sont communiqu\u00e9s \u00e0 titre indicatif.<\/p>\n\n\n\n<p>Les prix s\u2019entendent Toutes-Taxes comprises.<\/p>\n\n\n\n<p>Ils comprennent les frais de conception, d\u2019animation, de coordination p\u00e9dagogique, de gestion administrative, ainsi que les supports standards remis aux stagiaires. Les supports sp\u00e9cifiques sont factur\u00e9s \u00e0 part.<\/p>\n\n\n\n<p>3.2. Conditions de r\u00e8glement&nbsp;:<\/p>\n\n\n\n<p>\u2013 \u00e0 r\u00e9ception de facture<\/p>\n\n\n\n<p>\u2013 par ch\u00e8que ou virement bancaire<\/p>\n\n\n\n<p>\u2013 sans escompte<\/p>\n\n\n\n<p>3.3. Il appartient aux entreprises adh\u00e9rentes \u00e0 un Op\u00e9rateur de Comp\u00e9tences (OPCO) de faire, pr\u00e9alablement au d\u00e9marrage du stage, les demandes n\u00e9cessaires \u00e0 la prise en charge de l\u2019action de formation.<\/p>\n\n\n\n<p>Le client qui aura obtenu un accord de prise en charge devra s\u2019assurer du paiement et, reste, en cas de non-paiement par l\u2019OPCO, redevable du montant correspondant et sera factur\u00e9. Ces dispositions ne s\u2019appliquent pas aux personnes souhaitant suivre une formation professionnelle \u00e0 titre individuel. Dans ce cas, le r\u00e8glement se fera sans escompte \u00e0 l\u2019inscription.<\/p>\n\n\n\n<p>3.4. Le r\u00e8glement est d\u00fb quelle que soit la dur\u00e9e de pr\u00e9sence effective du stagiaire \u00e0 la formation, sauf cas d\u2019annulation vis\u00e9s au point 4.<\/p>\n\n\n\n<p>3.5. Tout retard de paiement est susceptible d\u2019\u00eatre major\u00e9 des int\u00e9r\u00eats de retard d\u2019un montant \u00e9quivalent \u00e0 trois fois le taux d\u2019int\u00e9r\u00eat l\u00e9gal par jour de retard. Ces int\u00e9r\u00eats sont dus sans formalit\u00e9 pr\u00e9alable et sur simple constat du retard.<\/p>\n\n\n\n<p>S\u2019y rajoutent des indemnit\u00e9s forfaitaires pour frais de recouvrement dus au cr\u00e9ancier d\u2019un montant de 40 \u20ac conform\u00e9ment \u00e0 l\u2019art. 261.4.4. du CGI. (Loi 2012-\u00ad387 du 22\/03\/2012 \u2013 art. 121 \u2013 D\u00e9cret 2012-\u00ad1115 du 2\/10\/2012 modifiant l\u2019art. D 441\u00ad5 du code de commerce).<\/p>\n\n\n\n<p><strong>4- \u00adREPORT DE STAGE \u00adANNULATION&nbsp;<\/strong><\/p>\n\n\n\n<p>4.1. Pour tout report ou annulation d\u2019inscription \u00e0 un stage inter ou intra du fait du client, TALENCIA FORMATION devra \u00eatre pr\u00e9venu par lettre ou courriel au moins 7 jours, \u00e0 compter du jour de r\u00e9ception de la lettre ou courriel par TALENCIA FORMATION, avant le d\u00e9but de l\u2019action de formation.<\/p>\n\n\n\n<p>La r\u00e9ception de la demande de report ou de l\u2019annulation sera confirm\u00e9e par TALENCIA FORMATION.<\/p>\n\n\n\n<p>Si le d\u00e9lai de pr\u00e9venance n\u2019est pas respect\u00e9, le stage sera factur\u00e9 en totalit\u00e9. Il est pr\u00e9cis\u00e9 qu\u2019en cas d\u2019interruption du stage en cours \u00e0 son initiative, le client devra \u00e9galement r\u00e9gler la totalit\u00e9.<\/p>\n\n\n\n<p>4.2. TALENCIA FORMATION se r\u00e9serve le droit d\u2019ajourner ou d\u2019annuler par lettre, courriel ou t\u00e9l\u00e9phone, l\u2019action de formation avant son commencement, au cas o\u00f9 le nombre de stagiaires se r\u00e9v\u00e9lerait insuffisant pour assurer une bonne qualit\u00e9 p\u00e9dagogique, en cas d\u2019indisponibilit\u00e9 subite du formateur ou en cas de force majeure.<\/p>\n\n\n\n<p>Dans cette situation, les droits d\u2019inscription acquitt\u00e9s seront rembours\u00e9s sans frais ou cr\u00e9dit\u00e9s sur une inscription au m\u00eame stage ou \u00e0 tout autre stage de formation propos\u00e9 par TALENCIA FORMATION.<\/p>\n\n\n\n<p><strong>5- \u00adAPPLICATION DES CONDITIONS G\u00c9N\u00c9RALES DE VENTE&nbsp;<\/strong><\/p>\n\n\n\n<p>Les pr\u00e9sentes conditions g\u00e9n\u00e9rales de vente annulent toutes conditions g\u00e9n\u00e9rales ou particuli\u00e8res d\u2019achat contraires.<\/p>\n\n\n\n<p>En cas de contestation relative \u00e0 l\u2019interpr\u00e9tation, l\u2019ex\u00e9cution ou la r\u00e9siliation du contrat, une solution \u00e0 l\u2019amiable sera recherch\u00e9e.<\/p>\n\n\n\n<p>A d\u00e9faut, le tribunal de Colmar sera seul comp\u00e9tent, nonobstant toute clause contraire, et ce, m\u00eame en cas de pluralit\u00e9 de d\u00e9fendeurs et\/ou d\u2019appel en garantie.<\/p>\n","protected":false},"excerpt":{"rendered":"<p>CONDITIONS G\u00c9N\u00c9RALES DE VENTE TALENCIA FORMATION, propose et organise des actions de formation professionnelle qui sont r\u00e9gies par les pr\u00e9sentes conditions g\u00e9n\u00e9rales. 1- \u00adINSCRIPTION ET FORMATION&nbsp; L\u2019inscription \u00e0 un stage de formation se fait directement aupr\u00e8s TALENCIA FORMATION au moyen du bulletin d\u2019inscription ou de la proposition commerciale compl\u00e9t\u00e9s et sign\u00e9s, au plus tard, 20 [&hellip;]<\/p>\n","protected":false},"author":1,"featured_media":0,"parent":0,"menu_order":0,"comment_status":"closed","ping_status":"closed","template":"","meta":{"footnotes":""},"class_list":["post-130","page","type-page","status-publish","hentry"],"_links":{"self":[{"href":"https:\/\/talencia-formation.fr\/index.php\/wp-json\/wp\/v2\/pages\/130","targetHints":{"allow":["GET"]}}],"collection":[{"href":"https:\/\/talencia-formation.fr\/index.php\/wp-json\/wp\/v2\/pages"}],"about":[{"href":"https:\/\/talencia-formation.fr\/index.php\/wp-json\/wp\/v2\/types\/page"}],"author":[{"embeddable":true,"href":"https:\/\/talencia-formation.fr\/index.php\/wp-json\/wp\/v2\/users\/1"}],"replies":[{"embeddable":true,"href":"https:\/\/talencia-formation.fr\/index.php\/wp-json\/wp\/v2\/comments?post=130"}],"version-history":[{"count":1,"href":"https:\/\/talencia-formation.fr\/index.php\/wp-json\/wp\/v2\/pages\/130\/revisions"}],"predecessor-version":[{"id":131,"href":"https:\/\/talencia-formation.fr\/index.php\/wp-json\/wp\/v2\/pages\/130\/revisions\/131"}],"wp:attachment":[{"href":"https:\/\/talencia-formation.fr\/index.php\/wp-json\/wp\/v2\/media?parent=130"}],"curies":[{"name":"wp","href":"https:\/\/api.w.org\/{rel}","templated":true}]}}