{"id":132,"date":"2025-10-07T09:52:10","date_gmt":"2025-10-07T09:52:10","guid":{"rendered":"https:\/\/talencia-formation.fr\/?page_id=132"},"modified":"2025-10-07T09:52:10","modified_gmt":"2025-10-07T09:52:10","slug":"mentions-legales","status":"publish","type":"page","link":"https:\/\/talencia-formation.fr\/index.php\/mentions-legales\/","title":{"rendered":"MENTIONS L\u00c9GALES"},"content":{"rendered":"\n<p><strong>Introduction<\/strong><\/p>\n\n\n\n<p>Conform\u00e9ment \u00e0 l&rsquo;article 6 de la loi n\u00b02004-575 du 21 juin 2004 pour la confiance dans l&rsquo;\u00e9conomie num\u00e9rique, il est pr\u00e9cis\u00e9 aux utilisateurs du site&nbsp;<strong>TALENCIA FORMATION<\/strong>&nbsp;(\u00e0 l&rsquo;URL :&nbsp;<a href=\"http:\/\/www.talencia-formation.fr\/\">www.talencia-formation.fr<\/a>) l&rsquo;identit\u00e9 des diff\u00e9rents intervenants dans le cadre de sa r\u00e9alisation et de son suivi :<\/p>\n\n\n\n<p><strong>Propri\u00e9taire du site<\/strong><\/p>\n\n\n\n<p>Nom de l&rsquo;entreprise : Talencia Formation<br>Forme juridique : SAS au capital de 1000\u20ac<br>Email de contact :\u00a0<a href=\"mailto:contact@talencia-formation.fr\">contact@talencia-formation.fr<\/a><\/p>\n\n\n\n<p><strong>H\u00e9bergement<\/strong><\/p>\n\n\n\n<p><strong>OVH<\/strong><\/p>\n\n\n\n<p>SAS au capital de 50 000 000 \u20ac<\/p>\n\n\n\n<p>RCS Lille M\u00e9tropole 424 761 419 00045<br>Si\u00e8ge social : 2 rue Kellermann &#8211; 59100 Roubaix &#8211; France<\/p>\n\n\n\n<p><strong>Utilisation des donn\u00e9es personnelles<\/strong><\/p>\n\n\n\n<p>Le site&nbsp;<strong>TALENCIA FORMATION<\/strong>&nbsp;collecte des donn\u00e9es personnelles dans le cadre de l&rsquo;inscription aux formations et de la navigation sur le site. Pour plus d&rsquo;informations, consultez notre&nbsp;politique de confidentialit\u00e9.<\/p>\n\n\n\n<p><strong>Propri\u00e9t\u00e9 intellectuelle<\/strong><\/p>\n\n\n\n<p>Tous les contenus pr\u00e9sents sur le site&nbsp;<strong>TALENCIA FORMATION,<\/strong>&nbsp;(textes, images, vid\u00e9os, etc.) sont prot\u00e9g\u00e9s par les lois en vigueur sur la propri\u00e9t\u00e9 intellectuelle. Toute reproduction ou utilisation sans autorisation pr\u00e9alable est interdite.<\/p>\n\n\n\n<p>Pour toute question ou demande d&rsquo;informations, contactez-nous \u00e0 l&rsquo;adresse email :&nbsp;<a href=\"mailto:contact@talencia-formation.fr\">contact@talencia-formation.fr<\/a>.<\/p>\n\n\n\n<p><\/p>\n","protected":false},"excerpt":{"rendered":"<p>Introduction Conform\u00e9ment \u00e0 l&rsquo;article 6 de la loi n\u00b02004-575 du 21 juin 2004 pour la confiance dans l&rsquo;\u00e9conomie num\u00e9rique, il est pr\u00e9cis\u00e9 aux utilisateurs du site&nbsp;TALENCIA FORMATION&nbsp;(\u00e0 l&rsquo;URL :&nbsp;www.talencia-formation.fr) l&rsquo;identit\u00e9 des diff\u00e9rents intervenants dans le cadre de sa r\u00e9alisation et de son suivi : Propri\u00e9taire du site Nom de l&rsquo;entreprise : Talencia FormationForme juridique : [&hellip;]<\/p>\n","protected":false},"author":1,"featured_media":0,"parent":0,"menu_order":0,"comment_status":"closed","ping_status":"closed","template":"","meta":{"footnotes":""},"class_list":["post-132","page","type-page","status-publish","hentry"],"_links":{"self":[{"href":"https:\/\/talencia-formation.fr\/index.php\/wp-json\/wp\/v2\/pages\/132","targetHints":{"allow":["GET"]}}],"collection":[{"href":"https:\/\/talencia-formation.fr\/index.php\/wp-json\/wp\/v2\/pages"}],"about":[{"href":"https:\/\/talencia-formation.fr\/index.php\/wp-json\/wp\/v2\/types\/page"}],"author":[{"embeddable":true,"href":"https:\/\/talencia-formation.fr\/index.php\/wp-json\/wp\/v2\/users\/1"}],"replies":[{"embeddable":true,"href":"https:\/\/talencia-formation.fr\/index.php\/wp-json\/wp\/v2\/comments?post=132"}],"version-history":[{"count":1,"href":"https:\/\/talencia-formation.fr\/index.php\/wp-json\/wp\/v2\/pages\/132\/revisions"}],"predecessor-version":[{"id":133,"href":"https:\/\/talencia-formation.fr\/index.php\/wp-json\/wp\/v2\/pages\/132\/revisions\/133"}],"wp:attachment":[{"href":"https:\/\/talencia-formation.fr\/index.php\/wp-json\/wp\/v2\/media?parent=132"}],"curies":[{"name":"wp","href":"https:\/\/api.w.org\/{rel}","templated":true}]}}