{"id":145,"date":"2025-10-07T12:49:37","date_gmt":"2025-10-07T12:49:37","guid":{"rendered":"https:\/\/talencia-formation.fr\/?page_id=145"},"modified":"2025-10-07T13:27:21","modified_gmt":"2025-10-07T13:27:21","slug":"contact","status":"publish","type":"page","link":"https:\/\/talencia-formation.fr\/index.php\/contact\/","title":{"rendered":"CONTACT"},"content":{"rendered":"\n<div class=\"wp-block-cover alignfull is-light\" style=\"padding-top:0px;padding-bottom:0rem;min-height:100vh;aspect-ratio:unset;\"><img decoding=\"async\" class=\"wp-block-cover__image-background wp-image-32089\" alt=\"\" src=\"https:\/\/images.unsplash.com\/photo-1520607162513-77705c0f0d4a?ixid=M3w1NjExMzd8MHwxfHNlYXJjaHwxM3x8Y29udGFjdHxlbnwwfHx8fDE3NTk4Mjc3NDR8MA&amp;ixlib=rb-4.1.0&amp;fm=webp&amp;w=1920\" style=\"object-position:50% 50%\" data-object-fit=\"cover\" data-object-position=\"50% 50%\"\/><span aria-hidden=\"true\" class=\"wp-block-cover__background has-contrast-background-color has-background-dim-0 has-background-dim\"><\/span><div class=\"wp-block-cover__inner-container has-global-padding is-layout-constrained wp-container-core-cover-is-layout-8832b2d1 wp-block-cover-is-layout-constrained\">\n<div class=\"wp-block-group has-global-padding is-content-justification-left is-layout-constrained wp-container-core-group-is-layout-32f24e8e wp-block-group-is-layout-constrained\" style=\"border-radius:0px;padding-top:180px;padding-right:0px;padding-bottom:100px;padding-left:0px\">\n<div class=\"wp-block-group has-background has-global-padding is-layout-constrained wp-container-core-group-is-layout-a99671ba wp-block-group-is-layout-constrained\" style=\"border-radius:20px;background-color:#fefefe;padding-top:32px;padding-right:48px;padding-bottom:40px;padding-left:48px\">\n<h2 class=\"wp-block-heading has-text-color has-link-color has-hedvig-letters-serif-regular-font-family wp-elements-7ad6dd78695c77f3c5a5ed95bc6bcbb9\" style=\"color:#242925;font-size:clamp(1.453rem, 1.453rem + ((1vw - 0.2rem) * 1.722), 2.4rem);\">Prendre contact<\/h2>\n\n\n\n<p class=\"has-text-color has-link-color wp-elements-3b5fb0d156ec1162015f608bb8043f17\" style=\"color:#242925;font-size:clamp(0.875rem, 0.875rem + ((1vw - 0.2rem) * 0.336), 1.06rem);\">Nous sommes l\u00e0 pour aider votre \u00e9quipe \u00e0 progresser\u202f! Contactez-nous\u202f!<\/p>\n\n\n<style id=\"wpforms-css-vars-98-block-f3616edb-a418-4586-bbbd-6bb3b3743050\">\n\t\t\t\t#wpforms-98.wpforms-block-f3616edb-a418-4586-bbbd-6bb3b3743050 {\n\t\t\t\t--wpforms-field-size-input-height: 43px;\n--wpforms-field-size-input-spacing: 15px;\n--wpforms-field-size-font-size: 16px;\n--wpforms-field-size-line-height: 19px;\n--wpforms-field-size-padding-h: 14px;\n--wpforms-field-size-checkbox-size: 16px;\n--wpforms-field-size-sublabel-spacing: 5px;\n--wpforms-field-size-icon-size: 1;\n--wpforms-label-size-font-size: 16px;\n--wpforms-label-size-line-height: 19px;\n--wpforms-label-size-sublabel-font-size: 14px;\n--wpforms-label-size-sublabel-line-height: 17px;\n--wpforms-button-size-font-size: 17px;\n--wpforms-button-size-height: 41px;\n--wpforms-button-size-padding-h: 15px;\n--wpforms-button-size-margin-top: 10px;\n\t\t\t}\n\t\t\t<\/style><div class=\"wpforms-container wpforms-container-full wpforms-block wpforms-block-f3616edb-a418-4586-bbbd-6bb3b3743050 wpforms-render-modern\" id=\"wpforms-98\"><form id=\"wpforms-form-98\" class=\"wpforms-validate wpforms-form wpforms-ajax-form\" data-formid=\"98\" method=\"post\" enctype=\"multipart\/form-data\" action=\"\/index.php\/wp-json\/wp\/v2\/pages\/145\" data-token=\"db5c966a7d767790850f9163accb0422\" data-token-time=\"1775462334\"><noscript class=\"wpforms-error-noscript\">Veuillez activer JavaScript dans votre navigateur pour remplir ce formulaire.<\/noscript><div id=\"wpforms-error-noscript\" style=\"display: none;\">Veuillez activer JavaScript dans votre navigateur pour remplir ce formulaire.<\/div><div class=\"wpforms-field-container\">\t\t<div id=\"wpforms-98-field_4-container\"\n\t\t\tclass=\"wpforms-field wpforms-field-text\"\n\t\t\tdata-field-type=\"text\"\n\t\t\tdata-field-id=\"4\"\n\t\t\t>\n\t\t\t<label class=\"wpforms-field-label\" for=\"wpforms-98-field_4\" >Je suis E-mail<\/label>\n\t\t\t<input type=\"text\" id=\"wpforms-98-field_4\" class=\"wpforms-field-medium\" name=\"wpforms[fields][4]\" >\n\t\t<\/div>\n\t\t<div id=\"wpforms-98-field_1-container\" class=\"wpforms-field wpforms-field-name\" data-field-id=\"1\"><fieldset><legend class=\"wpforms-field-label\">Nom <span class=\"wpforms-required-label\" aria-hidden=\"true\">*<\/span><\/legend><div class=\"wpforms-field-row wpforms-field-large\"><div class=\"wpforms-field-row-block wpforms-first wpforms-one-half\"><input type=\"text\" id=\"wpforms-98-field_1\" class=\"wpforms-field-name-first wpforms-field-required\" name=\"wpforms[fields][1][first]\" aria-errormessage=\"wpforms-98-field_1-error\" required><label for=\"wpforms-98-field_1\" class=\"wpforms-field-sublabel after\">Pr\u00e9nom<\/label><\/div><div class=\"wpforms-field-row-block wpforms-one-half\"><input type=\"text\" id=\"wpforms-98-field_1-last\" class=\"wpforms-field-name-last wpforms-field-required\" name=\"wpforms[fields][1][last]\" aria-errormessage=\"wpforms-98-field_1-last-error\" required><label for=\"wpforms-98-field_1-last\" class=\"wpforms-field-sublabel after\">Nom<\/label><\/div><\/div><\/fieldset><\/div><div id=\"wpforms-98-field_5-container\" class=\"wpforms-field wpforms-field-select wpforms-field-select-style-classic\" data-field-id=\"5\"><label class=\"wpforms-field-label\" for=\"wpforms-98-field_5\">Je suis<\/label><select id=\"wpforms-98-field_5\" class=\"wpforms-field-medium\" name=\"wpforms[fields][5]\"><option value=\"Formateur\/trice\"  class=\"choice-1 depth-1\"  >Formateur\/trice<\/option><option value=\"Entreprise\"  class=\"choice-2 depth-1\"  >Entreprise<\/option><option value=\"Entrepreneur\"  class=\"choice-3 depth-1\"  >Entrepreneur<\/option><\/select><\/div><div id=\"wpforms-98-field_3-container\" class=\"wpforms-field wpforms-field-textarea\" data-field-id=\"3\"><label class=\"wpforms-field-label\" for=\"wpforms-98-field_3\">Commentaire ou message<\/label><textarea id=\"wpforms-98-field_3\" class=\"wpforms-field-medium\" name=\"wpforms[fields][3]\" aria-errormessage=\"wpforms-98-field_3-error\" ><\/textarea><\/div><div id=\"wpforms-98-field_2-container\" class=\"wpforms-field wpforms-field-email\" data-field-id=\"2\"><label class=\"wpforms-field-label\" for=\"wpforms-98-field_2\">E-mail <span class=\"wpforms-required-label\" aria-hidden=\"true\">*<\/span><\/label><input type=\"email\" id=\"wpforms-98-field_2\" class=\"wpforms-field-medium wpforms-field-required\" name=\"wpforms[fields][2]\" spellcheck=\"false\" aria-errormessage=\"wpforms-98-field_2-error\" required><\/div><script>\n\t\t\t\t( function() {\n\t\t\t\t\tconst style = document.createElement( 'style' );\n\t\t\t\t\tstyle.appendChild( document.createTextNode( '#wpforms-98-field_4-container { position: absolute !important; overflow: hidden !important; display: inline !important; height: 1px !important; width: 1px !important; z-index: -1000 !important; padding: 0 !important; } #wpforms-98-field_4-container input { visibility: hidden; } #wpforms-conversational-form-page #wpforms-98-field_4-container label { counter-increment: none; }' ) );\n\t\t\t\t\tdocument.head.appendChild( style );\n\t\t\t\t\tdocument.currentScript?.remove();\n\t\t\t\t} )();\n\t\t\t<\/script><\/div><!-- .wpforms-field-container --><div class=\"wpforms-submit-container\" ><input type=\"hidden\" name=\"wpforms[id]\" value=\"98\"><input type=\"hidden\" name=\"page_title\" value=\"\"><input type=\"hidden\" name=\"page_url\" value=\"https:\/\/talencia-formation.fr\/index.php\/wp-json\/wp\/v2\/pages\/145\"><input type=\"hidden\" name=\"url_referer\" value=\"\"><button type=\"submit\" name=\"wpforms[submit]\" id=\"wpforms-submit-98\" class=\"wpforms-submit\" data-alt-text=\"Envoi...\" data-submit-text=\"Envoyer\" aria-live=\"assertive\" value=\"wpforms-submit\">Envoyer<\/button><img loading=\"lazy\" decoding=\"async\" src=\"https:\/\/talencia-formation.fr\/wp-content\/plugins\/wpforms-lite\/assets\/images\/submit-spin.svg\" class=\"wpforms-submit-spinner\" style=\"display: none;\" width=\"26\" height=\"26\" alt=\"Chargement en cours\"><\/div><\/form><\/div>  <!-- .wpforms-container --><\/div>\n<\/div>\n<\/div><\/div>\n","protected":false},"excerpt":{"rendered":"","protected":false},"author":1,"featured_media":0,"parent":0,"menu_order":0,"comment_status":"closed","ping_status":"closed","template":"","meta":{"footnotes":""},"class_list":["post-145","page","type-page","status-publish","hentry"],"_links":{"self":[{"href":"https:\/\/talencia-formation.fr\/index.php\/wp-json\/wp\/v2\/pages\/145","targetHints":{"allow":["GET"]}}],"collection":[{"href":"https:\/\/talencia-formation.fr\/index.php\/wp-json\/wp\/v2\/pages"}],"about":[{"href":"https:\/\/talencia-formation.fr\/index.php\/wp-json\/wp\/v2\/types\/page"}],"author":[{"embeddable":true,"href":"https:\/\/talencia-formation.fr\/index.php\/wp-json\/wp\/v2\/users\/1"}],"replies":[{"embeddable":true,"href":"https:\/\/talencia-formation.fr\/index.php\/wp-json\/wp\/v2\/comments?post=145"}],"version-history":[{"count":3,"href":"https:\/\/talencia-formation.fr\/index.php\/wp-json\/wp\/v2\/pages\/145\/revisions"}],"predecessor-version":[{"id":175,"href":"https:\/\/talencia-formation.fr\/index.php\/wp-json\/wp\/v2\/pages\/145\/revisions\/175"}],"wp:attachment":[{"href":"https:\/\/talencia-formation.fr\/index.php\/wp-json\/wp\/v2\/media?parent=145"}],"curies":[{"name":"wp","href":"https:\/\/api.w.org\/{rel}","templated":true}]}}