{"id":9,"date":"2025-10-06T08:38:18","date_gmt":"2025-10-06T08:38:18","guid":{"rendered":"http:\/\/dniqwnx.cluster100.hosting.ovh.net\/?page_id=9"},"modified":"2025-11-17T13:47:48","modified_gmt":"2025-11-17T13:47:48","slug":"accueil","status":"publish","type":"page","link":"https:\/\/talencia-formation.fr\/","title":{"rendered":"Accueil"},"content":{"rendered":"\n<p><\/p>\n\n\n\n<p><\/p>\n\n\n\n<p><\/p>\n\n\n\n<div class=\"wp-block-cover alignfull is-light\" style=\"padding-top:2%;min-height:813px;aspect-ratio:unset;\"><img decoding=\"async\" class=\"wp-block-cover__image-background wp-image-23115\" alt=\"\" src=\"https:\/\/images.unsplash.com\/photo-1538688423619-a81d3f23454b?ixid=M3w1NjExMzd8MHwxfHNlYXJjaHwxOXx8Zm9ybWF0aW9ufGVufDB8fHx8MTc1OTg0MTIzN3ww&amp;ixlib=rb-4.1.0&amp;fm=webp&amp;w=2560\" data-object-fit=\"cover\"\/><span aria-hidden=\"true\" class=\"wp-block-cover__background has-background-dim-30 has-background-dim\" style=\"background-color:#292f45\"><\/span><div class=\"wp-block-cover__inner-container has-global-padding is-layout-constrained wp-container-core-cover-is-layout-ee51f2d2 wp-block-cover-is-layout-constrained\">\n<div class=\"wp-block-group alignwide is-vertical is-content-justification-center is-layout-flex wp-container-core-group-is-layout-b6c1f246 wp-block-group-is-layout-flex\" style=\"min-height:35rem\">\n<div class=\"wp-block-group has-global-padding is-layout-constrained wp-container-core-group-is-layout-1c662c3c wp-block-group-is-layout-constrained\">\n<p><\/p>\n\n\n\n<p><\/p>\n\n\n\n<p><\/p>\n\n\n\n<p><\/p>\n\n\n\n<p><\/p>\n\n\n\n<p><\/p>\n\n\n\n<p><\/p>\n\n\n\n<p><\/p>\n\n\n\n<p><\/p>\n\n\n\n<h3 class=\"wp-block-heading has-text-align-center has-text-color has-open-sans-font-family\" style=\"color:#ffffff;margin-bottom:1rem;font-size:clamp(2.156rem, 2.156rem + ((1vw - 0.2rem) * 3.171), 3.9rem);font-style:normal;font-weight:400;line-height:1;text-transform:none\"><strong>Renforcez vos comp\u00e9tences, fa\u00e7onnez votre avenir.<\/strong><br><\/h3>\n\n\n\n<p class=\"has-text-align-center has-text-color has-link-color wp-elements-3315cf871f053d1821a66fda6c8119b2\" style=\"color:#ffffff;font-size:clamp(0.875rem, 0.875rem + ((1vw - 0.2rem) * 0.591), 1.2rem);\">Des formations personnalis\u00e9es pour accompagner la r\u00e9ussite de votre \u00e9quipe dans un environnement en mouvement.<\/p>\n\n\n\n<div class=\"wp-block-group has-global-padding is-content-justification-center is-layout-constrained wp-container-core-group-is-layout-9b3804fc wp-block-group-is-layout-constrained\" style=\"margin-top:30px\">\n<div class=\"wp-block-buttons is-horizontal is-content-justification-right is-layout-flex wp-container-core-buttons-is-layout-e5324bbf wp-block-buttons-is-layout-flex\" style=\"margin-top:0.21rem\">\n<div class=\"wp-block-button has-custom-width wp-block-button__width-100 is-style-fill\"><a class=\"wp-block-button__link has-text-color has-background has-custom-font-size wp-element-button\" href=\"https:\/\/talencia-formation.fr\/index.php\/a-propos\/\" style=\"border-style:none;border-width:0px;border-radius:2.5rem;color:#292f45;background-color:#ffffff;padding-top:1.1rem;padding-right:0.81rem;padding-bottom:1.1rem;padding-left:0.81rem;font-size:clamp(0.875rem, 0.875rem + ((1vw - 0.2rem) * 0.227), 1rem);font-style:normal;font-weight:500;line-height:1;text-transform:capitalize\"><strong>NOUS D\u00c9COUVRIR<\/strong><\/a><\/div>\n<\/div>\n<\/div>\n<\/div>\n<\/div>\n<\/div><\/div>\n\n\n\n<section class=\"wp-block-group alignfull has-global-padding is-layout-constrained wp-container-core-group-is-layout-05455e64 wp-block-group-is-layout-constrained\" style=\"margin-top:0px;padding-top:6rem;padding-right:1rem;padding-bottom:4.5rem;padding-left:1rem;font-size:clamp(0.875rem, 0.875rem + ((1vw - 0.2rem) * 0.464), 1.13rem);font-style:normal;font-weight:400;line-height:1.4\">\n<div class=\"wp-block-columns is-layout-flex wp-container-core-columns-is-layout-2e7296b4 wp-block-columns-is-layout-flex\" style=\"margin-bottom:0px\">\n<div class=\"wp-block-column is-vertically-aligned-center is-layout-flow wp-block-column-is-layout-flow\" style=\"padding-right:1rem;padding-left:1rem;flex-basis:35%\">\n<figure class=\"wp-block-image size-large has-custom-border wp-duotone-grayscale\" style=\"margin-top:0;margin-bottom:0\"><img loading=\"lazy\" decoding=\"async\" width=\"1024\" height=\"683\" src=\"https:\/\/talencia-formation.fr\/wp-content\/uploads\/2025\/10\/2149085983-1024x683.jpg\" alt=\"\" class=\"wp-image-30\" style=\"border-style:none;border-width:0px\" srcset=\"https:\/\/talencia-formation.fr\/wp-content\/uploads\/2025\/10\/2149085983-1024x683.jpg 1024w, https:\/\/talencia-formation.fr\/wp-content\/uploads\/2025\/10\/2149085983-300x200.jpg 300w, https:\/\/talencia-formation.fr\/wp-content\/uploads\/2025\/10\/2149085983-768x512.jpg 768w, https:\/\/talencia-formation.fr\/wp-content\/uploads\/2025\/10\/2149085983.jpg 1500w\" sizes=\"auto, (max-width: 1024px) 100vw, 1024px\" \/><\/figure>\n<\/div>\n\n\n\n<div class=\"wp-block-column has-global-padding is-layout-constrained wp-container-core-column-is-layout-b4ec969c wp-block-column-is-layout-constrained\" style=\"padding-top:2.01rem\">\n<div class=\"wp-block-group has-global-padding is-layout-constrained wp-container-core-group-is-layout-dca71664 wp-block-group-is-layout-constrained\" style=\"min-height:100%\">\n<h3 class=\"wp-block-heading has-text-align-center has-text-color\" style=\"color:#010101;margin-top:0.5rem;margin-bottom:0rem;font-size:clamp(1.556rem, 1.556rem + ((1vw - 0.2rem) * 1.916), 2.61rem);font-style:normal;font-weight:500;letter-spacing:0px;line-height:1.3\">Notre mission : favoriser la croissance ensemble<\/h3>\n\n\n\n<p><\/p>\n\n\n\n<p class=\"has-text-align-center has-text-color\" style=\"color:#010101;margin-top:0rem;font-size:clamp(0.875rem, 0.875rem + ((1vw - 0.2rem) * 0.245), 1.01rem);font-style:normal;font-weight:400;line-height:1.5\">Chez&nbsp;Talencia Formation, nous croyons au pouvoir du savoir.<br>Notre aventure a commenc\u00e9 avec une id\u00e9e simple :&nbsp;donner aux employ\u00e9s et aux entrepreneurs les comp\u00e9tences dont ils ont besoin pour r\u00e9ussir.<br>Nous comprenons que chaque entreprise est unique, c\u2019est pourquoi&nbsp;nous adaptons nos programmes de formation \u00e0 vos besoins sp\u00e9cifiques.<\/p>\n\n\n\n<p class=\"has-text-align-center has-text-color\" style=\"color:#010101;margin-top:0rem;font-size:clamp(0.875rem, 0.875rem + ((1vw - 0.2rem) * 0.245), 1.01rem);font-style:normal;font-weight:400;line-height:1.5\">Notre \u00e9quipe de formateurs exp\u00e9riment\u00e9s est&nbsp;anim\u00e9e par la passion d\u2019accompagner votre croissance, votre adaptation et votre r\u00e9ussite dans un monde en constante \u00e9volution.<br>Ensemble, nous cr\u00e9ons&nbsp;une communaut\u00e9 o\u00f9 l\u2019apprentissage est une source d\u2019\u00e9panouissement et o\u00f9 le succ\u00e8s est \u00e0 la port\u00e9e de tous !<\/p>\n\n\n\n<div class=\"wp-block-group is-vertical is-content-justification-stretch is-layout-flex wp-container-core-group-is-layout-53ad70e0 wp-block-group-is-layout-flex\" style=\"margin-top:1.61rem;padding-right:0px;padding-left:0px\">\n<div class=\"wp-block-group has-global-padding is-content-justification-center is-layout-constrained wp-container-core-group-is-layout-2f0bcb29 wp-block-group-is-layout-constrained\" style=\"margin-top:0px\">\n<div class=\"wp-block-buttons is-horizontal is-content-justification-right is-layout-flex wp-container-core-buttons-is-layout-099266fd wp-block-buttons-is-layout-flex\" style=\"margin-top:0.51rem\">\n<div class=\"wp-block-button has-custom-width wp-block-button__width-100 is-style-outline is-style-outline--1\"><a class=\"wp-block-button__link has-text-color has-background has-custom-font-size wp-element-button\" href=\"https:\/\/talencia-formation.fr\/index.php\/contact\/\" style=\"border-style:none;border-width:0px;border-radius:1.5rem;color:#fffffd;background-color:#292f45;padding-top:0.71rem;padding-right:0.31rem;padding-bottom:0.71rem;padding-left:0.31rem;font-size:clamp(0.875rem, 0.875rem + ((1vw - 0.2rem) * 0.245), 1.01rem);font-style:normal;font-weight:600;line-height:1.5;text-transform:uppercase\"><strong>Parlons de votre projet<\/strong><\/a><\/div>\n<\/div>\n<\/div>\n<\/div>\n<\/div>\n<\/div>\n<\/div>\n<\/section>\n\n\n\n<section class=\"wp-block-group alignfull has-text-color has-background has-global-padding is-layout-constrained wp-container-core-group-is-layout-83ee5e76 wp-block-group-is-layout-constrained\" style=\"color:#292f45;background-color:#f5f5f5;margin-top:0rem;padding-right:1rem;padding-left:1rem;font-size:clamp(0.875rem, 0.875rem + ((1vw - 0.2rem) * 0.464), 1.13rem);font-style:normal;font-weight:400;line-height:1.5\">\n<div class=\"wp-block-group has-global-padding is-layout-constrained wp-container-core-group-is-layout-0f2e7412 wp-block-group-is-layout-constrained\" style=\"padding-top:5.01rem;padding-bottom:4.01rem\">\n<p class=\"has-text-align-center\"><strong><em>Les \u00e9tapes cl\u00e9s de notre accompagnement :<\/em><\/strong><\/p>\n\n\n\n<div class=\"wp-block-columns is-not-stacked-on-mobile is-layout-flex wp-container-core-columns-is-layout-713970fd wp-block-columns-is-layout-flex\">\n<div class=\"wp-block-column has-global-padding is-layout-constrained wp-container-core-column-is-layout-c6e25a76 wp-block-column-is-layout-constrained\" style=\"border-right-style:none;border-right-width:0px;padding-right:1rem;padding-left:1rem\">\n<h6 class=\"wp-block-heading has-text-align-center has-text-color has-open-sans-font-family\" style=\"color:#292f45;margin-bottom:0.51rem;font-size:clamp(1.551rem, 1.551rem + ((1vw - 0.2rem) * 1.907), 2.6rem);line-height:1.3;text-transform:capitalize\">1<\/h6>\n\n\n\n<p class=\"has-text-align-center has-text-color\" style=\"color:#292f45;margin-top:0px;margin-bottom:0rem;font-size:clamp(0.875rem, 0.875rem + ((1vw - 0.2rem) * 0.064), 0.91rem);font-style:normal;font-weight:500;line-height:1.5\">Diagnostic&nbsp;personnalis\u00e9 sur mesure<\/p>\n<\/div>\n\n\n\n<div class=\"wp-block-column has-global-padding is-layout-constrained wp-container-core-column-is-layout-c6e25a76 wp-block-column-is-layout-constrained\" style=\"border-right-style:none;border-right-width:0px;padding-right:1rem;padding-left:1rem\">\n<h6 class=\"wp-block-heading has-text-align-center has-text-color has-open-sans-font-family\" style=\"color:#292f45;margin-bottom:0.51rem;font-size:clamp(1.551rem, 1.551rem + ((1vw - 0.2rem) * 1.907), 2.6rem);line-height:1.3;text-transform:capitalize\">2<\/h6>\n\n\n\n<p class=\"has-text-align-center has-text-color\" style=\"color:#292f45;margin-top:0px;margin-bottom:1.77rem;font-size:clamp(0.875rem, 0.875rem + ((1vw - 0.2rem) * 0.064), 0.91rem);font-style:normal;font-weight:500;line-height:1.5\">\u00c9laboration et calendrier<\/p>\n<\/div>\n\n\n\n<div class=\"wp-block-column has-global-padding is-layout-constrained wp-container-core-column-is-layout-c6e25a76 wp-block-column-is-layout-constrained\" style=\"padding-right:1rem;padding-left:1rem\">\n<h6 class=\"wp-block-heading has-text-align-center has-text-color has-open-sans-font-family\" style=\"color:#242925;margin-bottom:0.51rem;font-size:clamp(1.551rem, 1.551rem + ((1vw - 0.2rem) * 1.907), 2.6rem);line-height:1.3;text-transform:capitalize\">3<\/h6>\n\n\n\n<p class=\"has-text-align-center has-text-color\" style=\"color:#292f45;margin-top:0px;margin-bottom:1.77rem;font-size:clamp(0.875rem, 0.875rem + ((1vw - 0.2rem) * 0.064), 0.91rem);font-style:normal;font-weight:500;line-height:1.5\">Mise en \u0153uvre de la formation<\/p>\n<\/div>\n<\/div>\n<\/div>\n<\/section>\n\n\n\n<div class=\"wp-block-cover alignfull is-light\" style=\"padding-top:3.51rem;padding-right:0px;padding-bottom:2.01rem;padding-left:0px\"><span aria-hidden=\"true\" class=\"wp-block-cover__background has-background-dim-100 has-background-dim\" style=\"background-color:#f5f5f5\"><\/span><div class=\"wp-block-cover__inner-container is-layout-flow wp-block-cover-is-layout-flow\">\n<div class=\"wp-block-group alignfull is-layout-flow wp-block-group-is-layout-flow\" style=\"margin-top:0px;margin-bottom:0px;padding-top:0rem;padding-right:1px;padding-bottom:2.01rem;padding-left:1px\">\n<div class=\"wp-block-columns alignfull is-layout-flex wp-container-core-columns-is-layout-35290b6f wp-block-columns-is-layout-flex\" style=\"padding-top:0rem\">\n<div class=\"wp-block-column is-layout-flow wp-block-column-is-layout-flow\" style=\"padding-top:1rem;padding-right:0rem;padding-bottom:1rem;padding-left:0rem\">\n<div class=\"wp-block-cover is-light\" style=\"padding-right:0.51rem;padding-left:0.51rem;min-height:390px;aspect-ratio:unset;\"><img loading=\"lazy\" decoding=\"async\" width=\"1024\" height=\"683\" class=\"wp-block-cover__image-background wp-image-143 size-large\" alt=\"\" src=\"https:\/\/talencia-formation.fr\/wp-content\/uploads\/2025\/10\/femme-blonde-avec-une-coiffure-elegante-en-tapant-du-texte-sur-le-clavier-au-bureau-portrait-interieur-d-employes-internationaux-avec-secretaire-a-l-aide-d-un-ordinateur-portable-1024x683.jpg\" data-object-fit=\"cover\" srcset=\"https:\/\/talencia-formation.fr\/wp-content\/uploads\/2025\/10\/femme-blonde-avec-une-coiffure-elegante-en-tapant-du-texte-sur-le-clavier-au-bureau-portrait-interieur-d-employes-internationaux-avec-secretaire-a-l-aide-d-un-ordinateur-portable-1024x683.jpg 1024w, https:\/\/talencia-formation.fr\/wp-content\/uploads\/2025\/10\/femme-blonde-avec-une-coiffure-elegante-en-tapant-du-texte-sur-le-clavier-au-bureau-portrait-interieur-d-employes-internationaux-avec-secretaire-a-l-aide-d-un-ordinateur-portable-300x200.jpg 300w, https:\/\/talencia-formation.fr\/wp-content\/uploads\/2025\/10\/femme-blonde-avec-une-coiffure-elegante-en-tapant-du-texte-sur-le-clavier-au-bureau-portrait-interieur-d-employes-internationaux-avec-secretaire-a-l-aide-d-un-ordinateur-portable-768x512.jpg 768w, https:\/\/talencia-formation.fr\/wp-content\/uploads\/2025\/10\/femme-blonde-avec-une-coiffure-elegante-en-tapant-du-texte-sur-le-clavier-au-bureau-portrait-interieur-d-employes-internationaux-avec-secretaire-a-l-aide-d-un-ordinateur-portable-1536x1024.jpg 1536w, https:\/\/talencia-formation.fr\/wp-content\/uploads\/2025\/10\/femme-blonde-avec-une-coiffure-elegante-en-tapant-du-texte-sur-le-clavier-au-bureau-portrait-interieur-d-employes-internationaux-avec-secretaire-a-l-aide-d-un-ordinateur-portable-2048x1365.jpg 2048w\" sizes=\"auto, (max-width: 1024px) 100vw, 1024px\" \/><span aria-hidden=\"true\" class=\"wp-block-cover__background has-background-dim-0 has-background-dim\" style=\"background-color:#b1a6a1\"><\/span><div class=\"wp-block-cover__inner-container has-global-padding is-layout-constrained wp-container-core-cover-is-layout-1a3bd245 wp-block-cover-is-layout-constrained\">\n<div class=\"wp-block-group has-global-padding is-content-justification-center is-layout-constrained wp-container-core-group-is-layout-2f0bcb29 wp-block-group-is-layout-constrained\" style=\"margin-top:0px\">\n<div class=\"wp-block-buttons is-horizontal is-content-justification-right is-layout-flex wp-container-core-buttons-is-layout-099266fd wp-block-buttons-is-layout-flex\" style=\"margin-top:0.51rem\">\n<div class=\"wp-block-button has-custom-width wp-block-button__width-100 is-style-fill\"><a class=\"wp-block-button__link has-text-color has-background has-text-align-center has-custom-font-size wp-element-button\" href=\"https:\/\/talencia-formation.fr\/index.php\/services\/\" style=\"border-radius:1.5rem;color:#292f45;background-color:#fffffd;padding-top:0.71rem;padding-right:0.31rem;padding-bottom:0.71rem;padding-left:0.31rem;font-size:clamp(0.875rem, 0.875rem + ((1vw - 0.2rem) * 0.245), 1.01rem);font-style:normal;font-weight:600;line-height:1.5;text-transform:uppercase\"><strong>STRAT\u00e9gie digitale<\/strong><\/a><\/div>\n<\/div>\n<\/div>\n<\/div><\/div>\n<\/div>\n<\/div>\n<\/div>\n<\/div><\/div>\n\n\n\n<div class=\"wp-block-cover alignfull\" style=\"min-height:625px;aspect-ratio:unset;\"><img loading=\"lazy\" decoding=\"async\" width=\"1024\" height=\"573\" class=\"wp-block-cover__image-background wp-image-72 size-large\" alt=\"\" src=\"https:\/\/talencia-formation.fr\/wp-content\/uploads\/2025\/10\/Capture-decran-2025-10-06-a-12.59.19-1024x573.png\" data-object-fit=\"cover\" srcset=\"https:\/\/talencia-formation.fr\/wp-content\/uploads\/2025\/10\/Capture-decran-2025-10-06-a-12.59.19-1024x573.png 1024w, https:\/\/talencia-formation.fr\/wp-content\/uploads\/2025\/10\/Capture-decran-2025-10-06-a-12.59.19-300x168.png 300w, https:\/\/talencia-formation.fr\/wp-content\/uploads\/2025\/10\/Capture-decran-2025-10-06-a-12.59.19-768x430.png 768w, https:\/\/talencia-formation.fr\/wp-content\/uploads\/2025\/10\/Capture-decran-2025-10-06-a-12.59.19.png 1432w\" sizes=\"auto, (max-width: 1024px) 100vw, 1024px\" \/><span aria-hidden=\"true\" class=\"wp-block-cover__background has-background-dim-0 has-background-dim\" style=\"background-color:#32374b\"><\/span><div class=\"wp-block-cover__inner-container has-global-padding is-layout-constrained wp-block-cover-is-layout-constrained\">\n<section class=\"wp-block-group alignfull has-global-padding is-layout-constrained wp-container-core-group-is-layout-cfb15881 wp-block-group-is-layout-constrained\" style=\"margin-top:0px;padding-top:4.01rem;padding-right:1rem;padding-bottom:5.01rem;padding-left:1rem;font-size:clamp(0.875rem, 0.875rem + ((1vw - 0.2rem) * 0.464), 1.13rem);font-style:normal;font-weight:400;line-height:1.4\">\n<div class=\"wp-block-columns is-layout-flex wp-container-core-columns-is-layout-a86bf794 wp-block-columns-is-layout-flex\" style=\"margin-bottom:0px\">\n<div class=\"wp-block-column has-global-padding is-layout-constrained wp-container-core-column-is-layout-b4ec969c wp-block-column-is-layout-constrained\" style=\"padding-top:2.01rem\">\n<div class=\"wp-block-group has-global-padding is-layout-constrained wp-container-core-group-is-layout-dca71664 wp-block-group-is-layout-constrained\" style=\"min-height:100%\">\n<h3 class=\"wp-block-heading has-text-align-center has-text-color\" style=\"color:#fffffd;margin-top:0.5rem;margin-bottom:0rem;font-size:clamp(1.556rem, 1.556rem + ((1vw - 0.2rem) * 1.916), 2.61rem);font-style:normal;font-weight:500;letter-spacing:0px;line-height:1.3\"><strong>Favoriser votre r\u00e9ussite : nos valeurs fondamentales<\/strong><\/h3>\n\n\n\n<p class=\"has-text-align-center\">Chez&nbsp;Talencia Formation, nous pla\u00e7ons&nbsp;la collaboration, l\u2019innovation et la croissance&nbsp;au c\u0153ur de notre d\u00e9marche.<br>Nous nous engageons \u00e0 fournir&nbsp;des solutions de formation personnalis\u00e9es&nbsp;qui inspirent confiance et favorisent la r\u00e9ussite, tant pour les employ\u00e9s que pour les entrepreneurs.<\/p>\n\n\n\n<hr class=\"wp-block-separator has-alpha-channel-opacity\"\/>\n\n\n\n<p class=\"has-text-align-center has-text-color\" style=\"color:#fffffd;margin-top:0rem;font-size:clamp(0.875rem, 0.875rem + ((1vw - 0.2rem) * 0.245), 1.01rem);font-style:normal;font-weight:400;line-height:1.5\"><\/p>\n\n\n\n<div class=\"wp-block-group is-vertical is-content-justification-stretch is-layout-flex wp-container-core-group-is-layout-53ad70e0 wp-block-group-is-layout-flex\" style=\"margin-top:1.61rem;padding-right:0px;padding-left:0px\">\n<div class=\"wp-block-group has-global-padding is-layout-constrained wp-block-group-is-layout-constrained\" style=\"margin-top:0px\">\n<div class=\"wp-block-buttons is-horizontal is-content-justification-right is-layout-flex wp-container-core-buttons-is-layout-099266fd wp-block-buttons-is-layout-flex\" style=\"margin-top:0.51rem\">\n<div class=\"wp-block-button has-custom-width wp-block-button__width-100 is-style-outline is-style-outline--2\"><a class=\"wp-block-button__link has-text-color has-background has-text-align-center has-custom-font-size wp-element-button\" href=\"https:\/\/talencia-formation.fr\/index.php\/services\/\" style=\"border-style:none;border-width:0px;border-radius:1.5rem;color:#292f45;background-color:#fffffd;padding-top:0.71rem;padding-right:0.31rem;padding-bottom:0.71rem;padding-left:0.31rem;font-size:clamp(0.875rem, 0.875rem + ((1vw - 0.2rem) * 0.245), 1.01rem);font-style:normal;font-weight:600;line-height:1.5;text-transform:uppercase\"><strong>D\u00e9couvrez nos formations<\/strong><\/a><\/div>\n<\/div>\n<\/div>\n<\/div>\n<\/div>\n<\/div>\n\n\n\n<div class=\"wp-block-column is-vertically-aligned-center is-layout-flow wp-block-column-is-layout-flow\" style=\"padding-right:1rem;padding-left:1rem;flex-basis:40%\">\n<figure class=\"wp-block-image aligncenter size-full is-style-rounded\"><img loading=\"lazy\" decoding=\"async\" width=\"1500\" height=\"1000\" src=\"https:\/\/talencia-formation.fr\/wp-content\/uploads\/2025\/10\/16288.jpg\" alt=\"\" class=\"wp-image-27\" srcset=\"https:\/\/talencia-formation.fr\/wp-content\/uploads\/2025\/10\/16288.jpg 1500w, https:\/\/talencia-formation.fr\/wp-content\/uploads\/2025\/10\/16288-300x200.jpg 300w, https:\/\/talencia-formation.fr\/wp-content\/uploads\/2025\/10\/16288-1024x683.jpg 1024w, https:\/\/talencia-formation.fr\/wp-content\/uploads\/2025\/10\/16288-768x512.jpg 768w\" sizes=\"auto, (max-width: 1500px) 100vw, 1500px\" \/><\/figure>\n<\/div>\n<\/div>\n<\/section>\n<\/div><\/div>\n\n\n\n<div class=\"wp-block-group alignfull has-global-padding is-layout-constrained wp-container-core-group-is-layout-3c77c8a4 wp-block-group-is-layout-constrained\" style=\"padding-top:3.51rem;padding-right:1.01rem;padding-bottom:5.01rem;padding-left:1.01rem\">\n<div class=\"wp-block-group has-global-padding is-layout-constrained wp-block-group-is-layout-constrained\">\n<h3 class=\"wp-block-heading has-text-align-center has-text-color\" style=\"color:#292f45;margin-top:0.5rem;margin-bottom:0rem;font-size:clamp(1.556rem, 1.556rem + ((1vw - 0.2rem) * 1.916), 2.61rem);font-style:normal;font-weight:500;letter-spacing:0px;line-height:1.3\">Ce que disent nos clients<\/h3>\n\n\n\n<p class=\"has-text-align-center has-text-color\" style=\"color:#010101;font-size:clamp(0.875rem, 0.875rem + ((1vw - 0.2rem) * 0.245), 1.01rem);\">\u00ab<em> Travailler avec&nbsp;Talencia Formation&nbsp;a profond\u00e9ment enrichi mes comp\u00e9tences et renforc\u00e9 ma confiance professionnelle. La formation sur mesure \u00e9tait \u00e0 la fois claire, motivante et parfaitement adapt\u00e9e \u00e0 mes besoins. Gr\u00e2ce \u00e0 cet accompagnement, j\u2019ai gagn\u00e9 en efficacit\u00e9 et en assurance dans mon activit\u00e9. Je recommande vivement leur expertise\u202f!<\/em>\u00bb<\/p>\n\n\n\n<h6 class=\"wp-block-heading has-text-align-center has-text-color\" style=\"color:#292f45;margin-top:2.01rem;font-size:clamp(0.875rem, 0.875rem + ((1vw - 0.2rem) * 0.064), 0.91rem);text-transform:uppercase\"><em>Photographe ind\u00e9pendant<\/em><\/h6>\n<\/div>\n<\/div>\n\n\n\n<section class=\"wp-block-cover alignfull is-light\" style=\"margin-top:0px;padding-top:1.01rem;padding-bottom:1.01rem;min-height:371px;aspect-ratio:unset;\"><img loading=\"lazy\" decoding=\"async\" width=\"1024\" height=\"683\" class=\"wp-block-cover__image-background wp-image-31 size-large\" alt=\"\" src=\"https:\/\/talencia-formation.fr\/wp-content\/uploads\/2025\/10\/2149305372-1024x683.jpg\" data-object-fit=\"cover\" srcset=\"https:\/\/talencia-formation.fr\/wp-content\/uploads\/2025\/10\/2149305372-1024x683.jpg 1024w, https:\/\/talencia-formation.fr\/wp-content\/uploads\/2025\/10\/2149305372-300x200.jpg 300w, https:\/\/talencia-formation.fr\/wp-content\/uploads\/2025\/10\/2149305372-768x512.jpg 768w, https:\/\/talencia-formation.fr\/wp-content\/uploads\/2025\/10\/2149305372.jpg 1500w\" sizes=\"auto, (max-width: 1024px) 100vw, 1024px\" \/><span aria-hidden=\"true\" class=\"wp-block-cover__background has-background-dim-0 has-background-dim\" style=\"background-color:#edf1f2\"><\/span><div class=\"wp-block-cover__inner-container has-global-padding is-layout-constrained wp-container-core-cover-is-layout-b1bebcb3 wp-block-cover-is-layout-constrained\">\n<div class=\"wp-block-group has-text-color is-layout-flow wp-block-group-is-layout-flow\" style=\"color:#fffffd;margin-top:0px;padding-top:0rem;padding-right:1rem;padding-bottom:0rem;padding-left:1rem;font-size:clamp(0.875rem, 0.875rem + ((1vw - 0.2rem) * 0.464), 1.13rem);font-style:normal;font-weight:400;line-height:1.4\">\n<div class=\"wp-block-group has-global-padding is-layout-constrained wp-container-core-group-is-layout-bdbfdc43 wp-block-group-is-layout-constrained\">\n<h2 class=\"wp-block-heading has-text-align-center has-text-color\" style=\"color:#fffffd;margin-bottom:0rem;font-size:clamp(1.507rem, 1.507rem + ((1vw - 0.2rem) * 1.824), 2.51rem);font-style:normal;font-weight:400;line-height:1.2\">Formez vos \u00e9quipes aujourd\u2019hui, r\u00e9coltez les succ\u00e8s de demain.<\/h2>\n<\/div>\n\n\n\n<div class=\"wp-block-group is-vertical is-content-justification-stretch is-layout-flex wp-container-core-group-is-layout-bfdebe91 wp-block-group-is-layout-flex\" style=\"margin-top:1.81rem;padding-right:0px;padding-left:0px\">\n<div class=\"wp-block-group has-global-padding is-content-justification-center is-layout-constrained wp-container-core-group-is-layout-2f0bcb29 wp-block-group-is-layout-constrained\" style=\"margin-top:0px\">\n<div class=\"wp-block-buttons is-horizontal is-content-justification-right is-layout-flex wp-container-core-buttons-is-layout-099266fd wp-block-buttons-is-layout-flex\" style=\"margin-top:0.51rem\">\n<div class=\"wp-block-button has-custom-width wp-block-button__width-100 is-style-fill\"><a class=\"wp-block-button__link has-text-color has-background has-custom-font-size wp-element-button\" href=\"https:\/\/talencia-formation.fr\/index.php\/contact\/\" style=\"border-style:none;border-width:0px;border-radius:1.5rem;color:#fffffd;background-color:#292f45;padding-top:0.71rem;padding-right:0.31rem;padding-bottom:0.71rem;padding-left:0.31rem;font-size:clamp(0.875rem, 0.875rem + ((1vw - 0.2rem) * 0.245), 1.01rem);font-style:normal;font-weight:600;line-height:1.5;text-transform:uppercase\"><strong>Passez \u00e0 l\u2019action<\/strong><\/a><\/div>\n<\/div>\n<\/div>\n<\/div>\n<\/div>\n<\/div><\/section>\n\n\n\n<p><\/p>\n","protected":false},"excerpt":{"rendered":"<p>Notre mission : favoriser la croissance ensemble Chez&nbsp;Talencia Formation, nous croyons au pouvoir du savoir.Notre aventure a commenc\u00e9 avec une id\u00e9e simple :&nbsp;donner aux employ\u00e9s et aux entrepreneurs les comp\u00e9tences dont ils ont besoin pour r\u00e9ussir.Nous comprenons que chaque entreprise est unique, c\u2019est pourquoi&nbsp;nous adaptons nos programmes de formation \u00e0 vos besoins sp\u00e9cifiques. Notre \u00e9quipe [&hellip;]<\/p>\n","protected":false},"author":1,"featured_media":0,"parent":0,"menu_order":0,"comment_status":"closed","ping_status":"closed","template":"","meta":{"footnotes":""},"class_list":["post-9","page","type-page","status-publish","hentry"],"_links":{"self":[{"href":"https:\/\/talencia-formation.fr\/index.php\/wp-json\/wp\/v2\/pages\/9","targetHints":{"allow":["GET"]}}],"collection":[{"href":"https:\/\/talencia-formation.fr\/index.php\/wp-json\/wp\/v2\/pages"}],"about":[{"href":"https:\/\/talencia-formation.fr\/index.php\/wp-json\/wp\/v2\/types\/page"}],"author":[{"embeddable":true,"href":"https:\/\/talencia-formation.fr\/index.php\/wp-json\/wp\/v2\/users\/1"}],"replies":[{"embeddable":true,"href":"https:\/\/talencia-formation.fr\/index.php\/wp-json\/wp\/v2\/comments?post=9"}],"version-history":[{"count":37,"href":"https:\/\/talencia-formation.fr\/index.php\/wp-json\/wp\/v2\/pages\/9\/revisions"}],"predecessor-version":[{"id":198,"href":"https:\/\/talencia-formation.fr\/index.php\/wp-json\/wp\/v2\/pages\/9\/revisions\/198"}],"wp:attachment":[{"href":"https:\/\/talencia-formation.fr\/index.php\/wp-json\/wp\/v2\/media?parent=9"}],"curies":[{"name":"wp","href":"https:\/\/api.w.org\/{rel}","templated":true}]}}